






{"id":23,"date":"2024-09-25T18:48:45","date_gmt":"2024-09-25T18:48:45","guid":{"rendered":"https:\/\/farleydw.com\/kanari\/?page_id=23"},"modified":"2025-03-28T15:29:40","modified_gmt":"2025-03-28T15:29:40","slug":"contenu","status":"publish","type":"page","link":"https:\/\/farleydw.com\/kanari\/contenu\/","title":{"rendered":"\u00c0 PROPOS DE NOUS"},"content":{"rendered":"\n<p><strong>Kanari management est n\u00e9 d\u2019un r\u00eave fou : propulser les entreprises par les meilleures pratiques de gestion de projets et contribuer activement \u00e0 l&rsquo;atteinte des r\u00e9sultats gr\u00e2ce \u00e0 une vision claire et une compr\u00e9hension globale des enjeux d\u2019un projet.<\/strong><\/p>\n\n\n\n<h2 class=\"wp-block-heading\">Qui sommes-nous ?<\/h2>\n\n\n\n<p>C\u2019est sous l\u2019initiative de St\u00e9phane Landry, planificateur et gestionnaire de projets dans les secteurs industriels que Kanari a vu le jour en 2019. Avec la collaboration de Marie-Jos\u00e9e Salvas, ils mettent \u00e0 profit leurs expertises pour fa\u00e7onner une offre de services ayant pour ambition favorisant les nouvelles approches et les solutions adapt\u00e9es aux enjeux sp\u00e9cifiques de chaque projet.<\/p>\n\n\n\n<div class=\"wp-block-columns proprios is-layout-flex wp-container-core-columns-is-layout-9d6595d7 wp-block-columns-is-layout-flex\">\n<div class=\"wp-block-column is-layout-flow wp-block-column-is-layout-flow\" style=\"flex-basis:50%\">\n<figure class=\"wp-block-image size-large\"><img loading=\"lazy\" decoding=\"async\" width=\"1024\" height=\"683\" src=\"https:\/\/farleydw.com\/kanari\/wp-content\/uploads\/2025\/03\/stephane-officiel-1024x683.jpg\" alt=\"\" class=\"wp-image-846\" srcset=\"https:\/\/farleydw.com\/kanari\/wp-content\/uploads\/2025\/03\/stephane-officiel-1024x683.jpg 1024w, https:\/\/farleydw.com\/kanari\/wp-content\/uploads\/2025\/03\/stephane-officiel-300x200.jpg 300w, https:\/\/farleydw.com\/kanari\/wp-content\/uploads\/2025\/03\/stephane-officiel-768x512.jpg 768w, https:\/\/farleydw.com\/kanari\/wp-content\/uploads\/2025\/03\/stephane-officiel-1536x1024.jpg 1536w, https:\/\/farleydw.com\/kanari\/wp-content\/uploads\/2025\/03\/stephane-officiel-2048x1365.jpg 2048w\" sizes=\"auto, (max-width: 1024px) 100vw, 1024px\" \/><figcaption class=\"wp-element-caption\">St\u00e9phane Landry<br>pr\u00e9sident<\/figcaption><\/figure>\n\n\n\n<p>Planificateur, gestionnaire de projets et entrepreneur, St\u00e9phane se distingue par son expertise dans le redressement d\u2019entreprises dans les secteurs manufacturiers, industriels et de la construction. Sa r\u00e9putation repose sur sa capacit\u00e9 d\u2019\u00e9coute, sa polyvalence et son habilet\u00e9 \u00e0 d\u00e9livrer des solutions qui g\u00e9n\u00e8rent de la valeur. <a href=\"https:\/\/www.linkedin.com\/in\/st%C3%A9phane-landry-09a29259\/\" target=\"_blank\" rel=\"noreferrer noopener\"><i class=\"fab fa-linkedin\"><\/i><\/a><\/p>\n<\/div>\n\n\n\n<div class=\"wp-block-column is-layout-flow wp-block-column-is-layout-flow\" style=\"flex-basis:50%\">\n<figure class=\"wp-block-image size-full\"><img loading=\"lazy\" decoding=\"async\" width=\"2560\" height=\"1706\" src=\"https:\/\/farleydw.com\/kanari\/wp-content\/uploads\/2025\/03\/SIMM9682-2-scaled.jpg\" alt=\"\" class=\"wp-image-854\" srcset=\"https:\/\/farleydw.com\/kanari\/wp-content\/uploads\/2025\/03\/SIMM9682-2-scaled.jpg 2560w, https:\/\/farleydw.com\/kanari\/wp-content\/uploads\/2025\/03\/SIMM9682-2-300x200.jpg 300w, https:\/\/farleydw.com\/kanari\/wp-content\/uploads\/2025\/03\/SIMM9682-2-1024x683.jpg 1024w, https:\/\/farleydw.com\/kanari\/wp-content\/uploads\/2025\/03\/SIMM9682-2-768x512.jpg 768w, https:\/\/farleydw.com\/kanari\/wp-content\/uploads\/2025\/03\/SIMM9682-2-1536x1024.jpg 1536w, https:\/\/farleydw.com\/kanari\/wp-content\/uploads\/2025\/03\/SIMM9682-2-2048x1365.jpg 2048w\" sizes=\"auto, (max-width: 2560px) 100vw, 2560px\" \/><figcaption class=\"wp-element-caption\">Marie-Jos\u00e9e Salvas<br><span>vice-pr\u00e9sidente<\/span><\/figcaption><\/figure>\n\n\n\n<p>Strat\u00e8ge et gestionnaire de projets, Marie-Jos\u00e9e est reconnue pour son aptitude \u00e0 concevoir et d\u00e9velopper de nouveaux produits et services. Elle se sp\u00e9cialise dans l\u2019optimisation de l\u2019efficacit\u00e9 des op\u00e9rations et l\u2019am\u00e9lioration de l\u2019exp\u00e9rience client. <a href=\"https:\/\/www.linkedin.com\/in\/marie-jos%C3%A9e-salvas-b5a84519\/\" target=\"_blank\" rel=\"noreferrer noopener\"><i class=\"fab fa-linkedin\"><\/i><\/a><\/p>\n<\/div>\n<\/div>\n\n\n\n<p>Kanari management est une firme ind\u00e9pendante sp\u00e9cialis\u00e9e se concentrant sur la planification, le contr\u00f4le et la gestion de projets, offrant des solutions personnalis\u00e9es adapt\u00e9es pour les secteurs de l&rsquo;industrie lourde, mini\u00e8re, p\u00e9troli\u00e8re et gazi\u00e8re, manufacturi\u00e8re, a\u00e9ronautique, transport et infrastructure.<\/p>\n\n\n\n<p>Les consultants de Kanari management sont tous des professionnels exp\u00e9riment\u00e9s comprenant qu\u2019un projet \u00e9volue dans un environnement \u00e0 haut risque n\u00e9cessitant une analyse approfondie de la part d\u2019experts.<\/p>\n\n\n\n<p>Notre d\u00e9marche offre une meilleure lecture et une plus grande clart\u00e9, permettant \u00e0 l\u2019ensemble de l\u2019\u00e9quipe du projet et aux parties prenantes de comprendre l\u2019\u00e9tat actuel du projet et d\u2019avoir une id\u00e9e pr\u00e9cise de sa trajectoire future. En tant que gestionnaire tiers des contr\u00f4les de projet, nous fournissons une vision ind\u00e9pendante et objective de votre projet.<\/p>\n\n\n\n<h2 class=\"wp-block-heading\">Notre promesse : s&rsquo;inspirer du canari des mines<\/h2>\n\n\n\n<p>Notre nom, Kanari management, repr\u00e9sente notre promesse : s\u2019engager par notre rigueur \u00e0 d\u00e9celer les angles morts dans un projet.&nbsp;<\/p>\n\n\n\n<p>Du&nbsp;XIX<sup>e <\/sup>si\u00e8cle jusqu\u2019\u00e0 la fin du XX<sup>e <\/sup>si\u00e8cle, le canari \u00e9tait utilis\u00e9 dans les mines de charbon pour d\u00e9terminer la qualit\u00e9 de l\u2019air. Sensible aux \u00e9manations de gaz toxiques impossibles \u00e0 d\u00e9tecter pour les hommes, le petit oiseau jaune \u00e9tait un indicateur, un outil de r\u00e9f\u00e9rence indispensable pour les mineurs. Lorsque le canari s\u2019\u00e9vanouissait, les mineurs se d\u00e9p\u00eachaient de sortir de la mine pour \u00e9viter une explosion ou une intoxication.<\/p>\n\n\n\n<p>La premi\u00e8re question que l\u2019on se pose : quel est l\u2019indicateur le plus pr\u00e9cis, quel est mon canari ?<\/p>\n\n\n\n<h2 class=\"wp-block-heading\">Nos valeurs<\/h2>\n\n\n\n<p>Chez Kanari management, nous pla\u00e7ons <span class=\"mots_cles\">l\u2019\u00e9coute<\/span>,<span class=\"mots_cles\">l\u2019engagement<\/span>,<span class=\"mots_cles\">la rigueur<\/span> et <span class=\"mots_cles\">l\u2019efficacit\u00e9<\/span> au c\u0153ur de notre approche. Ces valeurs guident chacun de nos membres dans leurs actions et elles sont le fondement de notre engagement envers nos clients, nos fournisseurs et nos partenaires, nourrissant des relations bas\u00e9es sur la confiance, la transparence et la collaboration.<\/p>\n\n\n\n<p>L&rsquo;expertise de nos consultants et notre vision globale nous donnent les moyens de pousser votre projet encore plus loin.<\/p>\n\n\n\n<div class=\"wp-block-columns grille_valeurs is-layout-flex wp-container-core-columns-is-layout-9d6595d7 wp-block-columns-is-layout-flex\">\n<div class=\"wp-block-column is-layout-flow wp-block-column-is-layout-flow\">\n<figure class=\"wp-block-image size-large\"><img loading=\"lazy\" decoding=\"async\" width=\"1024\" height=\"672\" src=\"https:\/\/farleydw.com\/kanari\/wp-content\/uploads\/2025\/01\/shutterstock_236363407-1024x672.jpg\" alt=\"\" class=\"wp-image-318\" srcset=\"https:\/\/farleydw.com\/kanari\/wp-content\/uploads\/2025\/01\/shutterstock_236363407-1024x672.jpg 1024w, https:\/\/farleydw.com\/kanari\/wp-content\/uploads\/2025\/01\/shutterstock_236363407-300x197.jpg 300w, https:\/\/farleydw.com\/kanari\/wp-content\/uploads\/2025\/01\/shutterstock_236363407-768x504.jpg 768w, https:\/\/farleydw.com\/kanari\/wp-content\/uploads\/2025\/01\/shutterstock_236363407-1536x1008.jpg 1536w, https:\/\/farleydw.com\/kanari\/wp-content\/uploads\/2025\/01\/shutterstock_236363407-2048x1344.jpg 2048w\" sizes=\"auto, (max-width: 1024px) 100vw, 1024px\" \/><figcaption class=\"wp-element-caption\">\u00c9coute<\/figcaption><\/figure>\n\n\n\n<p><span>Des solutions personnalis\u00e9es selon vos besoins<\/span>.<\/p>\n<\/div>\n\n\n\n<div class=\"wp-block-column is-layout-flow wp-block-column-is-layout-flow\">\n<figure class=\"wp-block-image size-large\"><img loading=\"lazy\" decoding=\"async\" width=\"1024\" height=\"683\" src=\"https:\/\/farleydw.com\/kanari\/wp-content\/uploads\/2024\/12\/home-services-1024x683.webp\" alt=\"\" class=\"wp-image-98\" srcset=\"https:\/\/farleydw.com\/kanari\/wp-content\/uploads\/2024\/12\/home-services-1024x683.webp 1024w, https:\/\/farleydw.com\/kanari\/wp-content\/uploads\/2024\/12\/home-services-300x200.webp 300w, https:\/\/farleydw.com\/kanari\/wp-content\/uploads\/2024\/12\/home-services-768x512.webp 768w, https:\/\/farleydw.com\/kanari\/wp-content\/uploads\/2024\/12\/home-services.webp 1200w\" sizes=\"auto, (max-width: 1024px) 100vw, 1024px\" \/><figcaption class=\"wp-element-caption\">Rigueur<\/figcaption><\/figure>\n\n\n\n<p><span>Faire ce que l\u2019on dit avec ordre et m\u00e9thode.<\/span><\/p>\n<\/div>\n\n\n\n<div class=\"wp-block-column is-layout-flow wp-block-column-is-layout-flow\">\n<figure class=\"wp-block-image size-large\"><img loading=\"lazy\" decoding=\"async\" width=\"1024\" height=\"683\" src=\"https:\/\/farleydw.com\/kanari\/wp-content\/uploads\/2024\/12\/home-demarche-1024x683.webp\" alt=\"\" class=\"wp-image-97\" srcset=\"https:\/\/farleydw.com\/kanari\/wp-content\/uploads\/2024\/12\/home-demarche-1024x683.webp 1024w, https:\/\/farleydw.com\/kanari\/wp-content\/uploads\/2024\/12\/home-demarche-300x200.webp 300w, https:\/\/farleydw.com\/kanari\/wp-content\/uploads\/2024\/12\/home-demarche-768x512.webp 768w, https:\/\/farleydw.com\/kanari\/wp-content\/uploads\/2024\/12\/home-demarche.webp 1200w\" sizes=\"auto, (max-width: 1024px) 100vw, 1024px\" \/><figcaption class=\"wp-element-caption\">Efficacit\u00e9<\/figcaption><\/figure>\n\n\n\n<p><span>Une contribution significative \u00e0 la r\u00e9ussite d\u2019un projet.<\/span><\/p>\n<\/div>\n\n\n\n<div class=\"wp-block-column is-layout-flow wp-block-column-is-layout-flow\">\n<figure class=\"wp-block-image size-large\"><img loading=\"lazy\" decoding=\"async\" width=\"1024\" height=\"650\" src=\"https:\/\/farleydw.com\/kanari\/wp-content\/uploads\/2024\/12\/home_main-1024x650.jpg\" alt=\"\" class=\"wp-image-67\" srcset=\"https:\/\/farleydw.com\/kanari\/wp-content\/uploads\/2024\/12\/home_main-1024x650.jpg 1024w, https:\/\/farleydw.com\/kanari\/wp-content\/uploads\/2024\/12\/home_main-300x190.jpg 300w, https:\/\/farleydw.com\/kanari\/wp-content\/uploads\/2024\/12\/home_main-768x487.jpg 768w, https:\/\/farleydw.com\/kanari\/wp-content\/uploads\/2024\/12\/home_main-1536x975.jpg 1536w, https:\/\/farleydw.com\/kanari\/wp-content\/uploads\/2024\/12\/home_main-2048x1300.jpg 2048w\" sizes=\"auto, (max-width: 1024px) 100vw, 1024px\" \/><figcaption class=\"wp-element-caption\">Engagement<\/figcaption><\/figure>\n\n\n\n<p><span>Obligation de r\u00e9sultats et d\u00e9termination \u00e0 r\u00e9ussir<\/span>.<\/p>\n<\/div>\n<\/div>\n\n\n\n<p><\/p>\n","protected":false},"excerpt":{"rendered":"<p>Kanari management est n\u00e9 d\u2019un r\u00eave fou : propulser les entreprises par les meilleures pratiques de gestion de projets et contribuer activement \u00e0 l&rsquo;atteinte des r\u00e9sultats gr\u00e2ce \u00e0 une vision claire et une compr\u00e9hension globale des enjeux d\u2019un projet. Qui sommes-nous ? C\u2019est sous l\u2019initiative de St\u00e9phane Landry, planificateur et gestionnaire de projets dans les [&hellip;]<\/p>\n","protected":false},"author":1,"featured_media":0,"parent":0,"menu_order":3,"comment_status":"closed","ping_status":"closed","template":"page.php","meta":{"_acf_changed":false,"footnotes":""},"folder":[],"class_list":["post-23","page","type-page","status-publish","hentry"],"acf":[],"yoast_head":"<!-- This site is optimized with the Yoast SEO plugin v24.7 - https:\/\/yoast.com\/wordpress\/plugins\/seo\/ -->\n<title>\u00c0 PROPOS DE NOUS - Kanari Management<\/title>\n<meta name=\"robots\" content=\"index, follow, max-snippet:-1, max-image-preview:large, max-video-preview:-1\" \/>\n<link rel=\"canonical\" href=\"https:\/\/farleydw.com\/kanari\/contenu\/\" \/>\n<meta property=\"og:locale\" content=\"fr_FR\" \/>\n<meta property=\"og:type\" content=\"article\" \/>\n<meta property=\"og:title\" content=\"\u00c0 PROPOS DE NOUS - Kanari Management\" \/>\n<meta property=\"og:description\" content=\"Kanari management est n\u00e9 d\u2019un r\u00eave fou : propulser les entreprises par les meilleures pratiques de gestion de projets et contribuer activement \u00e0 l&rsquo;atteinte des r\u00e9sultats gr\u00e2ce \u00e0 une vision claire et une compr\u00e9hension globale des enjeux d\u2019un projet. Qui sommes-nous ? C\u2019est sous l\u2019initiative de St\u00e9phane Landry, planificateur et gestionnaire de projets dans les [&hellip;]\" \/>\n<meta property=\"og:url\" content=\"https:\/\/farleydw.com\/kanari\/contenu\/\" \/>\n<meta property=\"og:site_name\" content=\"Kanari Management\" \/>\n<meta property=\"article:modified_time\" content=\"2025-03-28T15:29:40+00:00\" \/>\n<meta property=\"og:image\" content=\"https:\/\/farleydw.com\/kanari\/wp-content\/uploads\/2025\/03\/stephane-officiel-scaled.jpg\" \/>\n\t<meta property=\"og:image:width\" content=\"2560\" \/>\n\t<meta property=\"og:image:height\" content=\"1706\" \/>\n\t<meta property=\"og:image:type\" content=\"image\/jpeg\" \/>\n<meta name=\"twitter:card\" content=\"summary_large_image\" \/>\n<meta name=\"twitter:label1\" content=\"Dur\u00e9e de lecture estim\u00e9e\" \/>\n\t<meta name=\"twitter:data1\" content=\"4 minutes\" \/>\n<script type=\"application\/ld+json\" class=\"yoast-schema-graph\">{\"@context\":\"https:\/\/schema.org\",\"@graph\":[{\"@type\":\"WebPage\",\"@id\":\"https:\/\/farleydw.com\/kanari\/contenu\/\",\"url\":\"https:\/\/farleydw.com\/kanari\/contenu\/\",\"name\":\"\u00c0 PROPOS DE NOUS - Kanari Management\",\"isPartOf\":{\"@id\":\"https:\/\/farleydw.com\/kanari\/#website\"},\"primaryImageOfPage\":{\"@id\":\"https:\/\/farleydw.com\/kanari\/contenu\/#primaryimage\"},\"image\":{\"@id\":\"https:\/\/farleydw.com\/kanari\/contenu\/#primaryimage\"},\"thumbnailUrl\":\"https:\/\/farleydw.com\/kanari\/wp-content\/uploads\/2025\/03\/stephane-officiel-1024x683.jpg\",\"datePublished\":\"2024-09-25T18:48:45+00:00\",\"dateModified\":\"2025-03-28T15:29:40+00:00\",\"breadcrumb\":{\"@id\":\"https:\/\/farleydw.com\/kanari\/contenu\/#breadcrumb\"},\"inLanguage\":\"fr-FR\",\"potentialAction\":[{\"@type\":\"ReadAction\",\"target\":[\"https:\/\/farleydw.com\/kanari\/contenu\/\"]}]},{\"@type\":\"ImageObject\",\"inLanguage\":\"fr-FR\",\"@id\":\"https:\/\/farleydw.com\/kanari\/contenu\/#primaryimage\",\"url\":\"https:\/\/farleydw.com\/kanari\/wp-content\/uploads\/2025\/03\/stephane-officiel-scaled.jpg\",\"contentUrl\":\"https:\/\/farleydw.com\/kanari\/wp-content\/uploads\/2025\/03\/stephane-officiel-scaled.jpg\",\"width\":2560,\"height\":1706},{\"@type\":\"BreadcrumbList\",\"@id\":\"https:\/\/farleydw.com\/kanari\/contenu\/#breadcrumb\",\"itemListElement\":[{\"@type\":\"ListItem\",\"position\":1,\"name\":\"Accueil\",\"item\":\"https:\/\/farleydw.com\/kanari\/\"},{\"@type\":\"ListItem\",\"position\":2,\"name\":\"\u00c0 PROPOS DE NOUS\"}]},{\"@type\":\"WebSite\",\"@id\":\"https:\/\/farleydw.com\/kanari\/#website\",\"url\":\"https:\/\/farleydw.com\/kanari\/\",\"name\":\"Kanari Management\",\"description\":\"\",\"publisher\":{\"@id\":\"https:\/\/farleydw.com\/kanari\/#organization\"},\"potentialAction\":[{\"@type\":\"SearchAction\",\"target\":{\"@type\":\"EntryPoint\",\"urlTemplate\":\"https:\/\/farleydw.com\/kanari\/?s={search_term_string}\"},\"query-input\":{\"@type\":\"PropertyValueSpecification\",\"valueRequired\":true,\"valueName\":\"search_term_string\"}}],\"inLanguage\":\"fr-FR\"},{\"@type\":\"Organization\",\"@id\":\"https:\/\/farleydw.com\/kanari\/#organization\",\"name\":\"Kanari Management\",\"url\":\"https:\/\/farleydw.com\/kanari\/\",\"logo\":{\"@type\":\"ImageObject\",\"inLanguage\":\"fr-FR\",\"@id\":\"https:\/\/farleydw.com\/kanari\/#\/schema\/logo\/image\/\",\"url\":\"https:\/\/farleydw.com\/kanari\/wp-content\/uploads\/2025\/01\/logotriangle.svg\",\"contentUrl\":\"https:\/\/farleydw.com\/kanari\/wp-content\/uploads\/2025\/01\/logotriangle.svg\",\"width\":191,\"height\":320,\"caption\":\"Kanari Management\"},\"image\":{\"@id\":\"https:\/\/farleydw.com\/kanari\/#\/schema\/logo\/image\/\"}}]}<\/script>\n<!-- \/ Yoast SEO plugin. -->","yoast_head_json":{"title":"\u00c0 PROPOS DE NOUS - Kanari Management","robots":{"index":"index","follow":"follow","max-snippet":"max-snippet:-1","max-image-preview":"max-image-preview:large","max-video-preview":"max-video-preview:-1"},"canonical":"https:\/\/farleydw.com\/kanari\/contenu\/","og_locale":"fr_FR","og_type":"article","og_title":"\u00c0 PROPOS DE NOUS - Kanari Management","og_description":"Kanari management est n\u00e9 d\u2019un r\u00eave fou : propulser les entreprises par les meilleures pratiques de gestion de projets et contribuer activement \u00e0 l&rsquo;atteinte des r\u00e9sultats gr\u00e2ce \u00e0 une vision claire et une compr\u00e9hension globale des enjeux d\u2019un projet. Qui sommes-nous ? C\u2019est sous l\u2019initiative de St\u00e9phane Landry, planificateur et gestionnaire de projets dans les [&hellip;]","og_url":"https:\/\/farleydw.com\/kanari\/contenu\/","og_site_name":"Kanari Management","article_modified_time":"2025-03-28T15:29:40+00:00","og_image":[{"width":2560,"height":1706,"url":"https:\/\/farleydw.com\/kanari\/wp-content\/uploads\/2025\/03\/stephane-officiel-scaled.jpg","type":"image\/jpeg"}],"twitter_card":"summary_large_image","twitter_misc":{"Dur\u00e9e de lecture estim\u00e9e":"4 minutes"},"schema":{"@context":"https:\/\/schema.org","@graph":[{"@type":"WebPage","@id":"https:\/\/farleydw.com\/kanari\/contenu\/","url":"https:\/\/farleydw.com\/kanari\/contenu\/","name":"\u00c0 PROPOS DE NOUS - Kanari Management","isPartOf":{"@id":"https:\/\/farleydw.com\/kanari\/#website"},"primaryImageOfPage":{"@id":"https:\/\/farleydw.com\/kanari\/contenu\/#primaryimage"},"image":{"@id":"https:\/\/farleydw.com\/kanari\/contenu\/#primaryimage"},"thumbnailUrl":"https:\/\/farleydw.com\/kanari\/wp-content\/uploads\/2025\/03\/stephane-officiel-1024x683.jpg","datePublished":"2024-09-25T18:48:45+00:00","dateModified":"2025-03-28T15:29:40+00:00","breadcrumb":{"@id":"https:\/\/farleydw.com\/kanari\/contenu\/#breadcrumb"},"inLanguage":"fr-FR","potentialAction":[{"@type":"ReadAction","target":["https:\/\/farleydw.com\/kanari\/contenu\/"]}]},{"@type":"ImageObject","inLanguage":"fr-FR","@id":"https:\/\/farleydw.com\/kanari\/contenu\/#primaryimage","url":"https:\/\/farleydw.com\/kanari\/wp-content\/uploads\/2025\/03\/stephane-officiel-scaled.jpg","contentUrl":"https:\/\/farleydw.com\/kanari\/wp-content\/uploads\/2025\/03\/stephane-officiel-scaled.jpg","width":2560,"height":1706},{"@type":"BreadcrumbList","@id":"https:\/\/farleydw.com\/kanari\/contenu\/#breadcrumb","itemListElement":[{"@type":"ListItem","position":1,"name":"Accueil","item":"https:\/\/farleydw.com\/kanari\/"},{"@type":"ListItem","position":2,"name":"\u00c0 PROPOS DE NOUS"}]},{"@type":"WebSite","@id":"https:\/\/farleydw.com\/kanari\/#website","url":"https:\/\/farleydw.com\/kanari\/","name":"Kanari Management","description":"","publisher":{"@id":"https:\/\/farleydw.com\/kanari\/#organization"},"potentialAction":[{"@type":"SearchAction","target":{"@type":"EntryPoint","urlTemplate":"https:\/\/farleydw.com\/kanari\/?s={search_term_string}"},"query-input":{"@type":"PropertyValueSpecification","valueRequired":true,"valueName":"search_term_string"}}],"inLanguage":"fr-FR"},{"@type":"Organization","@id":"https:\/\/farleydw.com\/kanari\/#organization","name":"Kanari Management","url":"https:\/\/farleydw.com\/kanari\/","logo":{"@type":"ImageObject","inLanguage":"fr-FR","@id":"https:\/\/farleydw.com\/kanari\/#\/schema\/logo\/image\/","url":"https:\/\/farleydw.com\/kanari\/wp-content\/uploads\/2025\/01\/logotriangle.svg","contentUrl":"https:\/\/farleydw.com\/kanari\/wp-content\/uploads\/2025\/01\/logotriangle.svg","width":191,"height":320,"caption":"Kanari Management"},"image":{"@id":"https:\/\/farleydw.com\/kanari\/#\/schema\/logo\/image\/"}}]}},"_links":{"self":[{"href":"https:\/\/farleydw.com\/kanari\/wp-json\/wp\/v2\/pages\/23","targetHints":{"allow":["GET"]}}],"collection":[{"href":"https:\/\/farleydw.com\/kanari\/wp-json\/wp\/v2\/pages"}],"about":[{"href":"https:\/\/farleydw.com\/kanari\/wp-json\/wp\/v2\/types\/page"}],"author":[{"embeddable":true,"href":"https:\/\/farleydw.com\/kanari\/wp-json\/wp\/v2\/users\/1"}],"replies":[{"embeddable":true,"href":"https:\/\/farleydw.com\/kanari\/wp-json\/wp\/v2\/comments?post=23"}],"version-history":[{"count":70,"href":"https:\/\/farleydw.com\/kanari\/wp-json\/wp\/v2\/pages\/23\/revisions"}],"predecessor-version":[{"id":855,"href":"https:\/\/farleydw.com\/kanari\/wp-json\/wp\/v2\/pages\/23\/revisions\/855"}],"wp:attachment":[{"href":"https:\/\/farleydw.com\/kanari\/wp-json\/wp\/v2\/media?parent=23"}],"wp:term":[{"taxonomy":"folder","embeddable":true,"href":"https:\/\/farleydw.com\/kanari\/wp-json\/wp\/v2\/folder?post=23"}],"curies":[{"name":"wp","href":"https:\/\/api.w.org\/{rel}","templated":true}]}}