






{"id":257,"date":"2024-12-23T18:09:18","date_gmt":"2024-12-23T18:09:18","guid":{"rendered":"https:\/\/farleydw.com\/kanari\/?page_id=257"},"modified":"2025-01-08T20:09:11","modified_gmt":"2025-01-08T20:09:11","slug":"controleur-de-couts-2","status":"publish","type":"page","link":"https:\/\/farleydw.com\/kanari\/vos-opportunites-de-carriere-2\/controleur-de-couts-2\/","title":{"rendered":"Planificateur financier"},"content":{"rendered":"\n<p>Sous la responsabilit\u00e9 du contr\u00f4leur de projet, le contr\u00f4leur de co\u00fbts assume la mise en place et le maintien d\u2019un syst\u00e8me de contr\u00f4le des co\u00fbts. Son r\u00f4le est d\u2019identifier les opportunit\u00e9s de r\u00e9duction des co\u00fbts du projet, am\u00e9liorer la productivit\u00e9 ainsi que l\u2019\u00e9mission de rapports efficace et pr\u00e9cis.<\/p>\n\n\n\n<p><strong>Les fonctions :<\/strong><\/p>\n\n\n\n<ul class=\"wp-block-list\">\n<li>Assurer le suivi et le contr\u00f4le des co\u00fbts tout au long du cycle de vie du projet.<\/li>\n\n\n\n<li>S\u2019assurer que le syst\u00e8me de gestion des co\u00fbts est mis en place de mani\u00e8re appropri\u00e9e et analyser les budgets, les engagements et les co\u00fbts r\u00e9els pour assurer avec pr\u00e9cision<\/li>\n\n\n\n<li>Implanter un syst\u00e8me de contr\u00f4le de projet qui permettra d\u2019avoir une vision claire de la performance en fonction des budgets initialement pr\u00e9vus.<\/li>\n\n\n\n<li>S\u2019assurer de fournir des rapports de projet au gestionnaire de contr\u00f4le de projet et au gestionnaire de projet dans les d\u00e9lais prescrits et conforme aux normes \u00e9tablies.<\/li>\n\n\n\n<li>D\u00e9velopper les budgets align\u00e9s avec l\u2019estimation et le WBS du projet.<\/li>\n\n\n\n<li>Revoir les rapports de co\u00fbts, valider les calculs de ceux-ci et faire la conciliation avec les \u00e9critures de journal afin d\u2019identifier et corriger tout \u00e9cart.<\/li>\n\n\n\n<li>Rechercher constamment des moyens de minimiser les d\u00e9penses engag\u00e9es par le projet, en identifiant les domaines de strat\u00e9gies d\u2019\u00e9conomie de co\u00fbts au sein du projet.<\/li>\n\n\n\n<li>Aider \u00e0 la prise de d\u00e9cision financi\u00e8re en fournissant une analyse des tendances de performance et ajuster estimation des co\u00fbts \u00e0 l\u2019ach\u00e8vement.<\/li>\n\n\n\n<li>Surveiller les projets pendant l\u2019ex\u00e9cution en analysant les r\u00e9sultats obtenus et en les comparant au budget, ce qui pourrait conduire \u00e0 identifier des \u00e9carts. Le cas \u00e9ch\u00e9ant un plan de mitigation devra \u00eatre d\u00e9fini avec les \u00e9quipes de projet.<\/li>\n\n\n\n<li>G\u00e9rer de fa\u00e7on pro-active les modifications du projet du point de vue des co\u00fbts.<\/li>\n\n\n\n<li>Documenter tous les changements et g\u00e9rer les budgets en fonction des changements approuv\u00e9s.<\/li>\n\n\n\n<li>Maintenir une interaction \u00e9troite avec les chefs de projet et de construction.<\/li>\n\n\n\n<li>Autres t\u00e2ches assign\u00e9es \u00e0 la demande de son sup\u00e9rieur imm\u00e9diat<\/li>\n<\/ul>\n\n\n\n<p><strong>R\u00e9sultats attendus:<\/strong><\/p>\n\n\n\n<ul class=\"wp-block-list\">\n<li>Soutenir la mise en \u0153uvre et le maintien du syst\u00e8me de contr\u00f4le des co\u00fbts. Fournir des informations, des rapports et un soutien au gestionnaire du contr\u00f4le de projet ainsi qu\u2019aux gestionnaires de discipline et de secteur, au besoin.<\/li>\n<\/ul>\n\n\n\n<p><strong>Port\u00e9e de la responsabilit\u00e9 et complexit\u00e9&nbsp;:<\/strong><\/p>\n\n\n\n<ul class=\"wp-block-list\">\n<li>Travaille sous la supervision du gestionnaire du contr\u00f4le de projet conform\u00e9ment \u00e0 ses directives, objectifs, \u00e9ch\u00e9anciers et exigences \u00e9tablies.<\/li>\n\n\n\n<li>Le travail est effectu\u00e9&nbsp;\u00e0 un niveau inter organisationnel, par cons\u00e9quent, le leadership et le travail&nbsp;d\u2019\u00e9quipe sont indispensables.<\/li>\n<\/ul>\n\n\n\n<p><strong>Responsabilit\u00e9s sur le poste&nbsp;:<\/strong><\/p>\n\n\n\n<ul class=\"wp-block-list\">\n<li>Excellente compr\u00e9hension des processus et proc\u00e9dures de contr\u00f4le des co\u00fbts<\/li>\n\n\n\n<li>Bonnes capacit\u00e9s d\u2019analyse<\/li>\n\n\n\n<li>Excellentes comp\u00e9tences organisationnelles<\/li>\n\n\n\n<li>\u00c9laborer la structure budg\u00e9taire bas\u00e9e sur les estimations produites, monitorer les co\u00fbts r\u00e9els en fonction de cette m\u00eame structure afin d\u2019identifier les \u00e9carts et r\u00e9viser les co\u00fbts \u00e0 l\u2019ach\u00e8vement.<\/li>\n\n\n\n<li>De solides comp\u00e9tences en communication<\/li>\n\n\n\n<li>Solides comp\u00e9tences en r\u00e9solution de probl\u00e8mes<\/li>\n<\/ul>\n\n\n\n<p><strong>Profil acad\u00e9mique minimum requis :<\/strong><\/p>\n\n\n\n<ul class=\"wp-block-list\">\n<li>Dipl\u00f4me universitaire avec une sp\u00e9cialisation en ing\u00e9nierie, en gestion des affaires, en gestion de projets ou l\u2019\u00e9quivalent et un minimum de six (6) ann\u00e9es d\u2019exp\u00e9rience pertinente.<\/li>\n<\/ul>\n\n\n\n<p><strong>Exp\u00e9rience attendue&nbsp;:<\/strong><\/p>\n\n\n\n<ul class=\"wp-block-list\">\n<li>Minimum de 4 ans d\u2019exp\u00e9rience en contr\u00f4le des co\u00fbts\/contr\u00f4les de projets et une exp\u00e9rience ant\u00e9rieure dans le secteur la construction industrielle est un atout important.<\/li>\n<\/ul>\n\n\n\n<p><strong>Comp\u00e9tences et qualit\u00e9s suppl\u00e9mentaires requises :<\/strong><\/p>\n\n\n\n<ul class=\"wp-block-list\">\n<li>Capacit\u00e9 \u00e0 g\u00e9rer et prioriser efficacement une multiplicit\u00e9 de t\u00e2ches et de priorit\u00e9s.<\/li>\n\n\n\n<li>Solides comp\u00e9tences MS Office \u2013 Word, Outlook, Excel et PowerPoint<\/li>\n\n\n\n<li>Une exp\u00e9rience SAP et\/ou d\u2019un autre syst\u00e8me ERP est souhaitable.<\/li>\n\n\n\n<li>Ma\u00eetrise du fran\u00e7ais et de l\u2019anglais parl\u00e9s et \u00e9crits.<\/li>\n\n\n\n<li>Capacit\u00e9 de voyager et de travailler dans des r\u00e9gions \u00e9loign\u00e9es<\/li>\n<\/ul>\n\n\n\n<p><strong>Comp\u00e9tences compl\u00e9mentaires :<\/strong><\/p>\n\n\n\n<ul class=\"wp-block-list\">\n<li>\u00c9coute<\/li>\n\n\n\n<li>Sensibilisation \u00e0 la s\u00e9curit\u00e9<\/li>\n\n\n\n<li>Communication appropri\u00e9e<\/li>\n\n\n\n<li>Int\u00e9grit\u00e9<\/li>\n\n\n\n<li>Travail en \u00e9quipe<\/li>\n\n\n\n<li>Pens\u00e9e analytique<\/li>\n\n\n\n<li>R\u00e9flexion strat\u00e9gique<\/li>\n\n\n\n<li>La prise de d\u00e9cision<\/li>\n\n\n\n<li>Se concentrer sur la r\u00e9solution de probl\u00e8mes<\/li>\n\n\n\n<li>Ax\u00e9e sur les r\u00e9sultats<\/li>\n\n\n\n<li>Planification et organisation<\/li>\n<\/ul>\n\n\n\n<p><strong>R\u00e9seau op\u00e9rationnel :<\/strong><\/p>\n\n\n\n<ul class=\"wp-block-list\">\n<li>Recevoir des demandes de tous les domaines<\/li>\n\n\n\n<li>Superviseurs et travailleurs<\/li>\n\n\n\n<li>L\u2019ensemble de l\u2019organisation<\/li>\n<\/ul>\n","protected":false},"excerpt":{"rendered":"<p>Sous la responsabilit\u00e9 du contr\u00f4leur de projet, le contr\u00f4leur de co\u00fbts assume la mise en place et le maintien d\u2019un syst\u00e8me de contr\u00f4le des co\u00fbts. Son r\u00f4le est d\u2019identifier les opportunit\u00e9s de r\u00e9duction des co\u00fbts du projet, am\u00e9liorer la productivit\u00e9 ainsi que l\u2019\u00e9mission de rapports efficace et pr\u00e9cis. Les fonctions : R\u00e9sultats attendus: Port\u00e9e de [&hellip;]<\/p>\n","protected":false},"author":1,"featured_media":0,"parent":51,"menu_order":1,"comment_status":"closed","ping_status":"closed","template":"emploi.php","meta":{"_acf_changed":false,"footnotes":""},"folder":[],"class_list":["post-257","page","type-page","status-publish","hentry"],"acf":[],"yoast_head":"<!-- This site is optimized with the Yoast SEO plugin v24.7 - https:\/\/yoast.com\/wordpress\/plugins\/seo\/ -->\n<title>Planificateur financier - Kanari Management<\/title>\n<meta name=\"robots\" content=\"index, follow, max-snippet:-1, max-image-preview:large, max-video-preview:-1\" \/>\n<link rel=\"canonical\" href=\"https:\/\/farleydw.com\/kanari\/vos-opportunites-de-carriere-2\/controleur-de-couts-2\/\" \/>\n<meta property=\"og:locale\" content=\"fr_FR\" \/>\n<meta property=\"og:type\" content=\"article\" \/>\n<meta property=\"og:title\" content=\"Planificateur financier - Kanari Management\" \/>\n<meta property=\"og:description\" content=\"Sous la responsabilit\u00e9 du contr\u00f4leur de projet, le contr\u00f4leur de co\u00fbts assume la mise en place et le maintien d\u2019un syst\u00e8me de contr\u00f4le des co\u00fbts. Son r\u00f4le est d\u2019identifier les opportunit\u00e9s de r\u00e9duction des co\u00fbts du projet, am\u00e9liorer la productivit\u00e9 ainsi que l\u2019\u00e9mission de rapports efficace et pr\u00e9cis. Les fonctions : R\u00e9sultats attendus: Port\u00e9e de [&hellip;]\" \/>\n<meta property=\"og:url\" content=\"https:\/\/farleydw.com\/kanari\/vos-opportunites-de-carriere-2\/controleur-de-couts-2\/\" \/>\n<meta property=\"og:site_name\" content=\"Kanari Management\" \/>\n<meta property=\"article:modified_time\" content=\"2025-01-08T20:09:11+00:00\" \/>\n<meta name=\"twitter:card\" content=\"summary_large_image\" \/>\n<meta name=\"twitter:label1\" content=\"Dur\u00e9e de lecture estim\u00e9e\" \/>\n\t<meta name=\"twitter:data1\" content=\"4 minutes\" \/>\n<script type=\"application\/ld+json\" class=\"yoast-schema-graph\">{\"@context\":\"https:\/\/schema.org\",\"@graph\":[{\"@type\":\"WebPage\",\"@id\":\"https:\/\/farleydw.com\/kanari\/vos-opportunites-de-carriere-2\/controleur-de-couts-2\/\",\"url\":\"https:\/\/farleydw.com\/kanari\/vos-opportunites-de-carriere-2\/controleur-de-couts-2\/\",\"name\":\"Planificateur financier - Kanari Management\",\"isPartOf\":{\"@id\":\"https:\/\/farleydw.com\/kanari\/#website\"},\"datePublished\":\"2024-12-23T18:09:18+00:00\",\"dateModified\":\"2025-01-08T20:09:11+00:00\",\"breadcrumb\":{\"@id\":\"https:\/\/farleydw.com\/kanari\/vos-opportunites-de-carriere-2\/controleur-de-couts-2\/#breadcrumb\"},\"inLanguage\":\"fr-FR\",\"potentialAction\":[{\"@type\":\"ReadAction\",\"target\":[\"https:\/\/farleydw.com\/kanari\/vos-opportunites-de-carriere-2\/controleur-de-couts-2\/\"]}]},{\"@type\":\"BreadcrumbList\",\"@id\":\"https:\/\/farleydw.com\/kanari\/vos-opportunites-de-carriere-2\/controleur-de-couts-2\/#breadcrumb\",\"itemListElement\":[{\"@type\":\"ListItem\",\"position\":1,\"name\":\"Accueil\",\"item\":\"https:\/\/farleydw.com\/kanari\/\"},{\"@type\":\"ListItem\",\"position\":2,\"name\":\"VOS OPPORTUNIT\u00c9S DE CARRI\u00c8RES\",\"item\":\"https:\/\/farleydw.com\/kanari\/vos-opportunites-de-carriere-2\/\"},{\"@type\":\"ListItem\",\"position\":3,\"name\":\"Planificateur financier\"}]},{\"@type\":\"WebSite\",\"@id\":\"https:\/\/farleydw.com\/kanari\/#website\",\"url\":\"https:\/\/farleydw.com\/kanari\/\",\"name\":\"Kanari Management\",\"description\":\"\",\"publisher\":{\"@id\":\"https:\/\/farleydw.com\/kanari\/#organization\"},\"potentialAction\":[{\"@type\":\"SearchAction\",\"target\":{\"@type\":\"EntryPoint\",\"urlTemplate\":\"https:\/\/farleydw.com\/kanari\/?s={search_term_string}\"},\"query-input\":{\"@type\":\"PropertyValueSpecification\",\"valueRequired\":true,\"valueName\":\"search_term_string\"}}],\"inLanguage\":\"fr-FR\"},{\"@type\":\"Organization\",\"@id\":\"https:\/\/farleydw.com\/kanari\/#organization\",\"name\":\"Kanari Management\",\"url\":\"https:\/\/farleydw.com\/kanari\/\",\"logo\":{\"@type\":\"ImageObject\",\"inLanguage\":\"fr-FR\",\"@id\":\"https:\/\/farleydw.com\/kanari\/#\/schema\/logo\/image\/\",\"url\":\"https:\/\/farleydw.com\/kanari\/wp-content\/uploads\/2025\/01\/logotriangle.svg\",\"contentUrl\":\"https:\/\/farleydw.com\/kanari\/wp-content\/uploads\/2025\/01\/logotriangle.svg\",\"width\":191,\"height\":320,\"caption\":\"Kanari Management\"},\"image\":{\"@id\":\"https:\/\/farleydw.com\/kanari\/#\/schema\/logo\/image\/\"}}]}<\/script>\n<!-- \/ Yoast SEO plugin. -->","yoast_head_json":{"title":"Planificateur financier - Kanari Management","robots":{"index":"index","follow":"follow","max-snippet":"max-snippet:-1","max-image-preview":"max-image-preview:large","max-video-preview":"max-video-preview:-1"},"canonical":"https:\/\/farleydw.com\/kanari\/vos-opportunites-de-carriere-2\/controleur-de-couts-2\/","og_locale":"fr_FR","og_type":"article","og_title":"Planificateur financier - Kanari Management","og_description":"Sous la responsabilit\u00e9 du contr\u00f4leur de projet, le contr\u00f4leur de co\u00fbts assume la mise en place et le maintien d\u2019un syst\u00e8me de contr\u00f4le des co\u00fbts. Son r\u00f4le est d\u2019identifier les opportunit\u00e9s de r\u00e9duction des co\u00fbts du projet, am\u00e9liorer la productivit\u00e9 ainsi que l\u2019\u00e9mission de rapports efficace et pr\u00e9cis. Les fonctions : R\u00e9sultats attendus: Port\u00e9e de [&hellip;]","og_url":"https:\/\/farleydw.com\/kanari\/vos-opportunites-de-carriere-2\/controleur-de-couts-2\/","og_site_name":"Kanari Management","article_modified_time":"2025-01-08T20:09:11+00:00","twitter_card":"summary_large_image","twitter_misc":{"Dur\u00e9e de lecture estim\u00e9e":"4 minutes"},"schema":{"@context":"https:\/\/schema.org","@graph":[{"@type":"WebPage","@id":"https:\/\/farleydw.com\/kanari\/vos-opportunites-de-carriere-2\/controleur-de-couts-2\/","url":"https:\/\/farleydw.com\/kanari\/vos-opportunites-de-carriere-2\/controleur-de-couts-2\/","name":"Planificateur financier - Kanari Management","isPartOf":{"@id":"https:\/\/farleydw.com\/kanari\/#website"},"datePublished":"2024-12-23T18:09:18+00:00","dateModified":"2025-01-08T20:09:11+00:00","breadcrumb":{"@id":"https:\/\/farleydw.com\/kanari\/vos-opportunites-de-carriere-2\/controleur-de-couts-2\/#breadcrumb"},"inLanguage":"fr-FR","potentialAction":[{"@type":"ReadAction","target":["https:\/\/farleydw.com\/kanari\/vos-opportunites-de-carriere-2\/controleur-de-couts-2\/"]}]},{"@type":"BreadcrumbList","@id":"https:\/\/farleydw.com\/kanari\/vos-opportunites-de-carriere-2\/controleur-de-couts-2\/#breadcrumb","itemListElement":[{"@type":"ListItem","position":1,"name":"Accueil","item":"https:\/\/farleydw.com\/kanari\/"},{"@type":"ListItem","position":2,"name":"VOS OPPORTUNIT\u00c9S DE CARRI\u00c8RES","item":"https:\/\/farleydw.com\/kanari\/vos-opportunites-de-carriere-2\/"},{"@type":"ListItem","position":3,"name":"Planificateur financier"}]},{"@type":"WebSite","@id":"https:\/\/farleydw.com\/kanari\/#website","url":"https:\/\/farleydw.com\/kanari\/","name":"Kanari Management","description":"","publisher":{"@id":"https:\/\/farleydw.com\/kanari\/#organization"},"potentialAction":[{"@type":"SearchAction","target":{"@type":"EntryPoint","urlTemplate":"https:\/\/farleydw.com\/kanari\/?s={search_term_string}"},"query-input":{"@type":"PropertyValueSpecification","valueRequired":true,"valueName":"search_term_string"}}],"inLanguage":"fr-FR"},{"@type":"Organization","@id":"https:\/\/farleydw.com\/kanari\/#organization","name":"Kanari Management","url":"https:\/\/farleydw.com\/kanari\/","logo":{"@type":"ImageObject","inLanguage":"fr-FR","@id":"https:\/\/farleydw.com\/kanari\/#\/schema\/logo\/image\/","url":"https:\/\/farleydw.com\/kanari\/wp-content\/uploads\/2025\/01\/logotriangle.svg","contentUrl":"https:\/\/farleydw.com\/kanari\/wp-content\/uploads\/2025\/01\/logotriangle.svg","width":191,"height":320,"caption":"Kanari Management"},"image":{"@id":"https:\/\/farleydw.com\/kanari\/#\/schema\/logo\/image\/"}}]}},"_links":{"self":[{"href":"https:\/\/farleydw.com\/kanari\/wp-json\/wp\/v2\/pages\/257","targetHints":{"allow":["GET"]}}],"collection":[{"href":"https:\/\/farleydw.com\/kanari\/wp-json\/wp\/v2\/pages"}],"about":[{"href":"https:\/\/farleydw.com\/kanari\/wp-json\/wp\/v2\/types\/page"}],"author":[{"embeddable":true,"href":"https:\/\/farleydw.com\/kanari\/wp-json\/wp\/v2\/users\/1"}],"replies":[{"embeddable":true,"href":"https:\/\/farleydw.com\/kanari\/wp-json\/wp\/v2\/comments?post=257"}],"version-history":[{"count":3,"href":"https:\/\/farleydw.com\/kanari\/wp-json\/wp\/v2\/pages\/257\/revisions"}],"predecessor-version":[{"id":279,"href":"https:\/\/farleydw.com\/kanari\/wp-json\/wp\/v2\/pages\/257\/revisions\/279"}],"up":[{"embeddable":true,"href":"https:\/\/farleydw.com\/kanari\/wp-json\/wp\/v2\/pages\/51"}],"wp:attachment":[{"href":"https:\/\/farleydw.com\/kanari\/wp-json\/wp\/v2\/media?parent=257"}],"wp:term":[{"taxonomy":"folder","embeddable":true,"href":"https:\/\/farleydw.com\/kanari\/wp-json\/wp\/v2\/folder?post=257"}],"curies":[{"name":"wp","href":"https:\/\/api.w.org\/{rel}","templated":true}]}}