






{"id":27,"date":"2024-09-25T18:57:05","date_gmt":"2024-09-25T18:57:05","guid":{"rendered":"https:\/\/farleydw.com\/kanari\/?page_id=27"},"modified":"2025-03-03T17:20:52","modified_gmt":"2025-03-03T17:20:52","slug":"services","status":"publish","type":"page","link":"https:\/\/farleydw.com\/kanari\/services\/","title":{"rendered":"SERVICES DE PLANIFICATION, CONTR\u00d4LE ET GESTION DE PROJETS"},"content":{"rendered":"\n<p><strong>Kanari management est une firme ind\u00e9pendante sp\u00e9cialis\u00e9e se concentrant sur la planification, le contr\u00f4le et la gestion de projets, offrant des solutions personnalis\u00e9es adapt\u00e9es pour les secteurs de l&rsquo;industrie lourde, mini\u00e8re, p\u00e9troli\u00e8re et gazi\u00e8re, manufacturi\u00e8re, a\u00e9ronautique, transport et infrastructure.<\/strong><\/p>\n\n\n\n<h2 class=\"wp-block-heading\" id=\"un\">Planification et gestion de projets<\/h2>\n\n\n\n<ul class=\"wp-block-list ul1\">\n<li>Planification et gestion du projet<\/li>\n\n\n\n<li>Gestion des \u00e9ch\u00e9anciers<\/li>\n\n\n\n<li>Gestion des co\u00fbts et des ressources<\/li>\n\n\n\n<li>Contr\u00f4le de projets<\/li>\n\n\n\n<li>Gestion des parties prenantes<\/li>\n<\/ul>\n\n\n\n<p>Chez Kanari management, nous croyons que la cl\u00e9 de la r\u00e9ussite d\u2019un projet r\u00e9side dans une planification m\u00e9ticuleuse et un suivi rigoureux. Nous travaillons en \u00e9troite collaboration avec nos clients pour \u00e9laborer des plans d\u00e9taill\u00e9s, o\u00f9 tous les objectifs et livrables sont pr\u00e9cis\u00e9ment d\u00e9finis, garantissant ainsi une ex\u00e9cution sans faille.<\/p>\n\n\n\n<p>Nos consultants, forts d\u2019une vaste exp\u00e9rience dans leur domaine, ma\u00eetrisent les meilleures m\u00e9thodes de gestion de projet. Leur expertise permet non seulement d&rsquo;anticiper les d\u00e9fis li\u00e9s aux d\u00e9lais, mais aussi d&rsquo;optimiser la gestion des co\u00fbts et des ressources, en tenant compte \u00e0 la fois des imp\u00e9ratifs financiers et op\u00e9rationnels. Leur approche proactive assure une progression ma\u00eetris\u00e9e du projet \u00e0 chaque \u00e9tape.<\/p>\n\n\n\n<p>Bien que la planification ne repr\u00e9sente que 2 \u00e0 5 % du co\u00fbt total d\u2019un projet, ses b\u00e9n\u00e9fices sont consid\u00e9rables : elle permet de r\u00e9aliser des \u00e9conomies de 6 \u00e0 25 %, de r\u00e9duire la dur\u00e9e des projets de 6 \u00e0 30 %, et de g\u00e9n\u00e9rer un retour sur investissement de 3 $ \u00e0 10 $ pour chaque dollar investi (R\u00e9f. CII Construction Industry Institute).<\/p>\n\n\n\n<p>En outre, en tant que leaders en gestion de projet, nous favorisons les relations durables et enrichissantes avec toutes les parties prenantes, en mettant un point d&rsquo;honneur \u00e0 leur satisfaction et notre engagement tout au long du projet.<\/p>\n\n\n\n<h2 class=\"wp-block-heading\" id=\"deux\">Estimation des co\u00fbts de projets<\/h2>\n\n\n\n<ul class=\"wp-block-list ul2\">\n<li>Budget de conception du projet<\/li>\n\n\n\n<li>Examen des co\u00fbts du contrat<\/li>\n\n\n\n<li>Analyse de l&rsquo;escalade du prix des mat\u00e9riaux<\/li>\n\n\n\n<li>Co\u00fbts de cl\u00f4ture du projet<\/li>\n\n\n\n<li>Support aux r\u00e9clamations<\/li>\n<\/ul>\n\n\n\n<p>Kanari management offre des services d&rsquo;estimation pr\u00e9cise des co\u00fbts, offrant \u00e0 ses clients une vision claire et d\u00e9taill\u00e9e des investissements n\u00e9cessaires \u00e0 chaque phase de leur projet. Notre approche d\u00e9bute par l&rsquo;\u00e9laboration de budgets sur mesure pour la phase de conception, suivie d&rsquo;examens rigoureux des co\u00fbts contractuels, garantissant ainsi une gestion financi\u00e8re transparente et efficace.<\/p>\n\n\n\n<p>Chaque projet \u00e9tant unique, notre collaboration \u00e9troite avec les clients et les parties prenantes permet d&rsquo;anticiper et de r\u00e9soudre rapidement toute divergence financi\u00e8re. Nous analysons \u00e9galement les tendances d&rsquo;escalade des prix des mat\u00e9riaux pour pr\u00e9venir et att\u00e9nuer les impacts potentiels des fluctuations du march\u00e9.<\/p>\n\n\n\n<p>La rigueur de notre gestion des co\u00fbts se poursuit jusqu\u2019\u00e0 la cl\u00f4ture du projet. Nous veillons \u00e0 ce que toutes les d\u00e9penses finales soient justifi\u00e9es et conformes aux pr\u00e9visions. En cas de litige ou de d\u00e9saccord financier, nous apportons un soutien rigoureux pour les r\u00e9clamations, prot\u00e9geant ainsi les int\u00e9r\u00eats de nos clients.<\/p>\n\n\n\n<p>Selon une \u00e9tude du Construction Industry Institute (CII), une bonne gestion des co\u00fbts peut r\u00e9duire les d\u00e9passements de budget de 10 \u00e0 15 %. En choisissant Kanari management, vous assurez une gestion budg\u00e9taire experte et compl\u00e8te, du lancement \u00e0 la conclusion de votre projet.<a href=\"https:\/\/kanari-mng.com\/nos-services\/#riskmng\"><\/a><\/p>\n\n\n\n<h2 class=\"wp-block-heading\" id=\"trois\">Analyse et gestion des risques<\/h2>\n\n\n\n<ul class=\"wp-block-list ul3\">\n<li>Analyse SWOT<\/li>\n\n\n\n<li>Plan et registre des co\u00fbts<\/li>\n\n\n\n<li>Plan de r\u00e9ponses<\/li>\n\n\n\n<li>Simulation Monte Carlo<\/li>\n\n\n\n<li>Audit et \u00e9valuation<\/li>\n<\/ul>\n\n\n\n<p>L&rsquo;expertise de Kanari management en analyse et gestion des risques permet de transformer les incertitudes en leviers de performance. Chaque projet est unique et notre approche personnalis\u00e9e tient compte des sp\u00e9cificit\u00e9s propres \u00e0 vos initiatives. Nous nous engageons \u00e0 identifier, \u00e9valuer et suivre minutieusement les risques, qu\u2019ils soient d\u2019ordre interne ou externe, afin d&rsquo;assurer la r\u00e9ussite de vos projets.<\/p>\n\n\n\n<p>Le processus commence par une analyse approfondie des risques \u00e0 l\u2019aide de techniques \u00e9prouv\u00e9es, comme l\u2019analyse SWOT et la simulation Monte Carlo. Une fois les risques identifi\u00e9s, nous \u00e9laborons un plan de gestion sur mesure, incluant un registre des co\u00fbts et des r\u00e9ponses strat\u00e9giques adapt\u00e9es \u00e0 chaque situation. Nos experts cr\u00e9ent ensuite une matrice de risques, int\u00e9gr\u00e9e dans l\u2019\u00e9ch\u00e9ancier global du projet, afin d\u2019anticiper les probabilit\u00e9s et les impacts potentiels de chaque risque identifi\u00e9.<\/p>\n\n\n\n<p>Notre approche proactive permet non seulement d\u2019att\u00e9nuer les risques, mais aussi de maximiser les opportunit\u00e9s. Selon le Project Management Institute, les projets qui appliquent des processus rigoureux de gestion des risques ont 30 % plus de chances de respecter les d\u00e9lais et les budgets .<\/p>\n\n\n\n<p>En somme, Kanari management vous accompagne \u00e0 chaque \u00e9tape pour assurer l\u2019anticipation, la ma\u00eetrise et la r\u00e9duction des risques, garantissant ainsi l\u2019efficacit\u00e9 et le succ\u00e8s de vos projets.<a href=\"https:\/\/kanari-mng.com\/nos-services\/#costcontrol\"><\/a><\/p>\n\n\n\n<h2 class=\"wp-block-heading\" id=\"quatre\">Contr\u00f4le des co\u00fbts de projets<\/h2>\n\n\n\n<ul class=\"wp-block-list ul4\">\n<li>Administration des contrats<\/li>\n\n\n\n<li>Pr\u00e9visions budg\u00e9taires<\/li>\n\n\n\n<li>Comparaison des co\u00fbts r\u00e9els et identification des \u00e9carts<\/li>\n\n\n\n<li>Analyse de la performance<\/li>\n\n\n\n<li>Aide \u00e0 la m\u00e9diation et \u00e0 l\u2019arbitrage<\/li>\n\n\n\n<li>Soutien aux litiges<\/li>\n<\/ul>\n\n\n\n<p>Kanari management excelle dans le contr\u00f4le des co\u00fbts de projets, assurant une gestion financi\u00e8re proactive et rigoureuse. Nous administrons les contrats avec pr\u00e9cision, veillant \u00e0 ce que chaque partie respecte ses engagements, et limitons ainsi les litiges et d\u00e9passements budg\u00e9taires. Il est prouv\u00e9 que les projets correctement g\u00e9r\u00e9s en termes de co\u00fbts ont 70 % plus de chances de respecter leurs d\u00e9lais et budgets pr\u00e9visionnels, selon des \u00e9tudes r\u00e9centes.<\/p>\n\n\n\n<p>Nos services comprennent des pr\u00e9visions budg\u00e9taires d\u00e9taill\u00e9es, essentielles pour une gestion financi\u00e8re \u00e9clair\u00e9e. Nous effectuons une comparaison rigoureuse entre les co\u00fbts r\u00e9els et les budgets, permettant de r\u00e9agir rapidement et efficacement face aux \u00e9carts. Cette approche nous permet non seulement d&rsquo;anticiper les d\u00e9rives financi\u00e8res mais aussi de maximiser l&rsquo;efficacit\u00e9 des d\u00e9penses, contribuant \u00e0 l&rsquo;optimisation des ressources de nos clients.<\/p>\n\n\n\n<p>En cas de d\u00e9saccord ou de conflit, Kanari management intervient comme m\u00e9diateur, facilitant une r\u00e9solution rapide, juste et \u00e9quilibr\u00e9e. Nous apportons une expertise en soutien aux litiges, garantissant que vos int\u00e9r\u00eats sont toujours prot\u00e9g\u00e9s. Avec nous, chaque d\u00e9cision est prise dans un souci de performance globale.<\/p>\n\n\n\n<p>Choisir Kanari management, c\u2019est s\u2019assurer d\u2019une supervision financi\u00e8re exemplaire, de la planification initiale jusqu&rsquo;\u00e0 la cl\u00f4ture du projet, pour que vos objectifs soient non seulement atteints, mais d\u00e9pass\u00e9s.<a href=\"https:\/\/kanari-mng.com\/nos-services\/#procurement\"><\/a><\/p>\n\n\n\n<h2 class=\"wp-block-heading\" id=\"cinq\">Approvisionnement<\/h2>\n\n\n\n<ul class=\"wp-block-list ul5\">\n<li>S\u00e9lection des fournisseurs<\/li>\n\n\n\n<li>Bons de commande et confirmations de commande<\/li>\n\n\n\n<li>Arriv\u00e9e des marchandises, logistique<\/li>\n\n\n\n<li>Traitement des paiements, achats et relances<\/li>\n\n\n\n<li>Assurance qualit\u00e9 et contr\u00f4le qualit\u00e9<\/li>\n\n\n\n<li>Gestion du mat\u00e9riel et entreposage<\/li>\n<\/ul>\n\n\n\n<p>Chez Kanari management, nous s\u00e9lectionnons des fournisseurs de premier plan pour garantir des produits de qualit\u00e9 tout en optimisant les co\u00fbts et les d\u00e9lais. Un approvisionnement bien g\u00e9r\u00e9 peut r\u00e9duire de 15 % les risques de retards, soulignant l\u2019importance de notre gestion rigoureuse des bons de commande. Chaque \u00e9tape, de la cr\u00e9ation \u00e0 la confirmation de commande, est suivie de pr\u00e8s pour minimiser les erreurs et assurer une fluidit\u00e9 optimale.<\/p>\n\n\n\n<p>Notre suivi attentif de l\u2019arriv\u00e9e des marchandises et la gestion efficace de la logistique r\u00e9duisent les impr\u00e9vus et interruptions. Nous veillons \u00e0 ce que la gestion des paiements, des achats et des relances respecte les d\u00e9lais, assurant ainsi une efficacit\u00e9 financi\u00e8re tout au long du projet.<\/p>\n\n\n\n<p>L\u2019assurance qualit\u00e9 et le contr\u00f4le qualit\u00e9 sont au c\u0153ur de nos engagements. Chaque produit est contr\u00f4l\u00e9 pour r\u00e9pondre aux normes les plus \u00e9lev\u00e9es. De plus, notre expertise en gestion du mat\u00e9riel et en entreposage permet d\u2019optimiser l\u2019utilisation des ressources et de r\u00e9duire les co\u00fbts de stockage.<\/p>\n\n\n\n<p>Faites confiance \u00e0 Kanari management pour une gestion de cha\u00eene d\u2019approvisionnement sans faille, o\u00f9 chaque d\u00e9tail est ma\u00eetris\u00e9 pour \u00e9viter les retards co\u00fbteux et assurer la r\u00e9ussite de votre projet.<a href=\"https:\/\/kanari-mng.com\/nos-services\/#servicing\"><\/a><\/p>\n\n\n\n<h2 class=\"wp-block-heading\" id=\"six\">V\u00e9rification pr\u00e9-op\u00e9rationnelle et mise en services<\/h2>\n\n\n\n<ul class=\"wp-block-list ul6\">\n<li>Plan de d\u00e9marrage d\u2019usine<\/li>\n\n\n\n<li>Revue du plan sant\u00e9-s\u00e9curit\u00e9 pr\u00e9d\u00e9marrage<\/li>\n\n\n\n<li>Avancement du d\u00e9marrage<\/li>\n\n\n\n<li>Rapport de compl\u00e9tion du d\u00e9marrage<\/li>\n\n\n\n<li>Contr\u00f4le de la qualit\u00e9<\/li>\n\n\n\n<li>Support de mise en route progressive des op\u00e9rations<\/li>\n<\/ul>\n\n\n\n<p>Optimisez le d\u00e9marrage de vos op\u00e9rations et planifiez une mise en service sans faille avec Kanari management. Gr\u00e2ce \u00e0 notre approche unique, nous int\u00e9grons un plan de d\u00e9marrage d\u2019usine personnalis\u00e9 qui garantit une transition fluide vers une productivit\u00e9 maximale. Selon les donn\u00e9es de l\u2019industrie, les projets qui suivent un plan de d\u00e9marrage structur\u00e9 ont 60 % de chances suppl\u00e9mentaires d\u2019atteindre leurs objectifs op\u00e9rationnels dans les d\u00e9lais pr\u00e9vus.<\/p>\n\n\n\n<p>D\u00e8s le pr\u00e9d\u00e9marrage, nous mettons l\u2019accent sur la sant\u00e9 et la s\u00e9curit\u00e9, en effectuant une revue compl\u00e8te du plan afin de garantir que chaque \u00e9tape respecte les normes les plus strictes. Notre suivi rigoureux de l\u2019avancement du d\u00e9marrage permet d\u2019anticiper et de r\u00e9soudre rapidement toute difficult\u00e9, conduisant \u00e0 un rapport de compl\u00e9tion d\u00e9taill\u00e9 qui vous apporte une tranquillit\u00e9 d\u2019esprit totale.<\/p>\n\n\n\n<p>Le contr\u00f4le de la qualit\u00e9 est au c\u0153ur de notre d\u00e9marche, pr\u00e9venant toute d\u00e9faillance et garantissant la conformit\u00e9 aux standards les plus exigeants. Enfin, notre support pour une mise en route progressive des op\u00e9rations vous permet de maintenir un rythme d\u2019excellence d\u00e8s le premier jour. Faites confiance \u00e0 Kanari pour accompagner chaque phase de votre mise en service, de la v\u00e9rification pr\u00e9-op\u00e9rationnelle au contr\u00f4le qualit\u00e9, et assurez-vous d\u2019un d\u00e9marrage r\u00e9ussi, sans compromis.<a href=\"https:\/\/kanari-mng.com\/nos-services\/#fiabilit\u00e9\"><\/a><\/p>\n\n\n\n<h2 class=\"wp-block-heading\" id=\"sept\">Excellence en fiabilit\u00e9 op\u00e9rationnelle<\/h2>\n\n\n\n<ul class=\"wp-block-list ul7\">\n<li>Gestion et \u00e9limination des risques<\/li>\n\n\n\n<li>Processus efficaces et efficients de la gestion de la maintenance<\/li>\n\n\n\n<li>Pr\u00e9paration et suivi des travaux d\u2019arr\u00eats<\/li>\n\n\n\n<li>S\u00e9curit\u00e9 et conformit\u00e9<\/li>\n\n\n\n<li>Formation et comp\u00e9tence du personnel<\/li>\n\n\n\n<li>R\u00e9duction du potentiel de d\u00e9faillance<\/li>\n\n\n\n<li>Gestion de la d\u00e9su\u00e9tude et mise \u00e0 niveau de l\u2019inventaire<\/li>\n\n\n\n<li>Prise en charge des r\u00e9parables<\/li>\n<\/ul>\n\n\n\n<p>Kanari management incarne l&rsquo;excellence en fiabilit\u00e9 op\u00e9rationnelle, alliant gestion proactive des risques, optimisation des processus de maintenance et conformit\u00e9 rigoureuse. Une bonne gestion des risques et de la maintenance permet de r\u00e9duire de 20 % les temps d\u2019arr\u00eat non planifi\u00e9s, maximisant ainsi la disponibilit\u00e9 des installations et r\u00e9duisant les co\u00fbts.<\/p>\n\n\n\n<p>Nous perfectionnons la maintenance en am\u00e9liorant les processus, les ressources et les comp\u00e9tences du personnel, ce qui se traduit par une efficacit\u00e9 accrue et une diminution des interruptions co\u00fbteuses. La s\u00e9curit\u00e9 et la conformit\u00e9 sont au c\u0153ur de nos priorit\u00e9s, assurant un environnement de travail s\u00fbr et en accord avec les normes en vigueur.<\/p>\n\n\n\n<p>Kanari management met en place des strat\u00e9gies pour minimiser les risques de d\u00e9faillance des \u00e9quipements, augmentant ainsi la productivit\u00e9 et la fiabilit\u00e9. Gr\u00e2ce \u00e0 une gestion proactive de l\u2019obsolescence, nous veillons \u00e0 maintenir un inventaire \u00e0 jour, garantissant la comp\u00e9titivit\u00e9 des installations. De plus, notre prise en charge rapide des \u00e9quipements r\u00e9parables limite les interruptions et soutient la continuit\u00e9 des op\u00e9rations.<\/p>\n\n\n\n<p>Avec Kanari management, vous assurez la fiabilit\u00e9 de vos op\u00e9rations gr\u00e2ce \u00e0 une gestion rigoureuse des risques et une maintenance de pointe, optimisant ainsi la performance globale de vos installations.<\/p>\n","protected":false},"excerpt":{"rendered":"<p>Kanari management est une firme ind\u00e9pendante sp\u00e9cialis\u00e9e se concentrant sur la planification, le contr\u00f4le et la gestion de projets, offrant des solutions personnalis\u00e9es adapt\u00e9es pour les secteurs de l&rsquo;industrie lourde, mini\u00e8re, p\u00e9troli\u00e8re et gazi\u00e8re, manufacturi\u00e8re, a\u00e9ronautique, transport et infrastructure. Planification et gestion de projets Chez Kanari management, nous croyons que la cl\u00e9 de la r\u00e9ussite [&hellip;]<\/p>\n","protected":false},"author":1,"featured_media":0,"parent":0,"menu_order":5,"comment_status":"closed","ping_status":"closed","template":"services.php","meta":{"_acf_changed":false,"footnotes":""},"folder":[],"class_list":["post-27","page","type-page","status-publish","hentry"],"acf":[],"yoast_head":"<!-- This site is optimized with the Yoast SEO plugin v24.7 - https:\/\/yoast.com\/wordpress\/plugins\/seo\/ -->\n<title>SERVICES DE PLANIFICATION, CONTR\u00d4LE ET GESTION DE PROJETS - Kanari Management<\/title>\n<meta name=\"robots\" content=\"index, follow, max-snippet:-1, max-image-preview:large, max-video-preview:-1\" \/>\n<link rel=\"canonical\" href=\"https:\/\/farleydw.com\/kanari\/services\/\" \/>\n<meta property=\"og:locale\" content=\"fr_FR\" \/>\n<meta property=\"og:type\" content=\"article\" \/>\n<meta property=\"og:title\" content=\"SERVICES DE PLANIFICATION, CONTR\u00d4LE ET GESTION DE PROJETS - Kanari Management\" \/>\n<meta property=\"og:description\" content=\"Kanari management est une firme ind\u00e9pendante sp\u00e9cialis\u00e9e se concentrant sur la planification, le contr\u00f4le et la gestion de projets, offrant des solutions personnalis\u00e9es adapt\u00e9es pour les secteurs de l&rsquo;industrie lourde, mini\u00e8re, p\u00e9troli\u00e8re et gazi\u00e8re, manufacturi\u00e8re, a\u00e9ronautique, transport et infrastructure. Planification et gestion de projets Chez Kanari management, nous croyons que la cl\u00e9 de la r\u00e9ussite [&hellip;]\" \/>\n<meta property=\"og:url\" content=\"https:\/\/farleydw.com\/kanari\/services\/\" \/>\n<meta property=\"og:site_name\" content=\"Kanari Management\" \/>\n<meta property=\"article:modified_time\" content=\"2025-03-03T17:20:52+00:00\" \/>\n<meta name=\"twitter:card\" content=\"summary_large_image\" \/>\n<meta name=\"twitter:label1\" content=\"Dur\u00e9e de lecture estim\u00e9e\" \/>\n\t<meta name=\"twitter:data1\" content=\"9 minutes\" \/>\n<script type=\"application\/ld+json\" class=\"yoast-schema-graph\">{\"@context\":\"https:\/\/schema.org\",\"@graph\":[{\"@type\":\"WebPage\",\"@id\":\"https:\/\/farleydw.com\/kanari\/services\/\",\"url\":\"https:\/\/farleydw.com\/kanari\/services\/\",\"name\":\"SERVICES DE PLANIFICATION, CONTR\u00d4LE ET GESTION DE PROJETS - Kanari Management\",\"isPartOf\":{\"@id\":\"https:\/\/farleydw.com\/kanari\/#website\"},\"datePublished\":\"2024-09-25T18:57:05+00:00\",\"dateModified\":\"2025-03-03T17:20:52+00:00\",\"breadcrumb\":{\"@id\":\"https:\/\/farleydw.com\/kanari\/services\/#breadcrumb\"},\"inLanguage\":\"fr-FR\",\"potentialAction\":[{\"@type\":\"ReadAction\",\"target\":[\"https:\/\/farleydw.com\/kanari\/services\/\"]}]},{\"@type\":\"BreadcrumbList\",\"@id\":\"https:\/\/farleydw.com\/kanari\/services\/#breadcrumb\",\"itemListElement\":[{\"@type\":\"ListItem\",\"position\":1,\"name\":\"Accueil\",\"item\":\"https:\/\/farleydw.com\/kanari\/\"},{\"@type\":\"ListItem\",\"position\":2,\"name\":\"SERVICES DE PLANIFICATION, CONTR\u00d4LE ET GESTION DE PROJETS\"}]},{\"@type\":\"WebSite\",\"@id\":\"https:\/\/farleydw.com\/kanari\/#website\",\"url\":\"https:\/\/farleydw.com\/kanari\/\",\"name\":\"Kanari Management\",\"description\":\"\",\"publisher\":{\"@id\":\"https:\/\/farleydw.com\/kanari\/#organization\"},\"potentialAction\":[{\"@type\":\"SearchAction\",\"target\":{\"@type\":\"EntryPoint\",\"urlTemplate\":\"https:\/\/farleydw.com\/kanari\/?s={search_term_string}\"},\"query-input\":{\"@type\":\"PropertyValueSpecification\",\"valueRequired\":true,\"valueName\":\"search_term_string\"}}],\"inLanguage\":\"fr-FR\"},{\"@type\":\"Organization\",\"@id\":\"https:\/\/farleydw.com\/kanari\/#organization\",\"name\":\"Kanari Management\",\"url\":\"https:\/\/farleydw.com\/kanari\/\",\"logo\":{\"@type\":\"ImageObject\",\"inLanguage\":\"fr-FR\",\"@id\":\"https:\/\/farleydw.com\/kanari\/#\/schema\/logo\/image\/\",\"url\":\"https:\/\/farleydw.com\/kanari\/wp-content\/uploads\/2025\/01\/logotriangle.svg\",\"contentUrl\":\"https:\/\/farleydw.com\/kanari\/wp-content\/uploads\/2025\/01\/logotriangle.svg\",\"width\":191,\"height\":320,\"caption\":\"Kanari Management\"},\"image\":{\"@id\":\"https:\/\/farleydw.com\/kanari\/#\/schema\/logo\/image\/\"}}]}<\/script>\n<!-- \/ Yoast SEO plugin. -->","yoast_head_json":{"title":"SERVICES DE PLANIFICATION, CONTR\u00d4LE ET GESTION DE PROJETS - Kanari Management","robots":{"index":"index","follow":"follow","max-snippet":"max-snippet:-1","max-image-preview":"max-image-preview:large","max-video-preview":"max-video-preview:-1"},"canonical":"https:\/\/farleydw.com\/kanari\/services\/","og_locale":"fr_FR","og_type":"article","og_title":"SERVICES DE PLANIFICATION, CONTR\u00d4LE ET GESTION DE PROJETS - Kanari Management","og_description":"Kanari management est une firme ind\u00e9pendante sp\u00e9cialis\u00e9e se concentrant sur la planification, le contr\u00f4le et la gestion de projets, offrant des solutions personnalis\u00e9es adapt\u00e9es pour les secteurs de l&rsquo;industrie lourde, mini\u00e8re, p\u00e9troli\u00e8re et gazi\u00e8re, manufacturi\u00e8re, a\u00e9ronautique, transport et infrastructure. Planification et gestion de projets Chez Kanari management, nous croyons que la cl\u00e9 de la r\u00e9ussite [&hellip;]","og_url":"https:\/\/farleydw.com\/kanari\/services\/","og_site_name":"Kanari Management","article_modified_time":"2025-03-03T17:20:52+00:00","twitter_card":"summary_large_image","twitter_misc":{"Dur\u00e9e de lecture estim\u00e9e":"9 minutes"},"schema":{"@context":"https:\/\/schema.org","@graph":[{"@type":"WebPage","@id":"https:\/\/farleydw.com\/kanari\/services\/","url":"https:\/\/farleydw.com\/kanari\/services\/","name":"SERVICES DE PLANIFICATION, CONTR\u00d4LE ET GESTION DE PROJETS - Kanari Management","isPartOf":{"@id":"https:\/\/farleydw.com\/kanari\/#website"},"datePublished":"2024-09-25T18:57:05+00:00","dateModified":"2025-03-03T17:20:52+00:00","breadcrumb":{"@id":"https:\/\/farleydw.com\/kanari\/services\/#breadcrumb"},"inLanguage":"fr-FR","potentialAction":[{"@type":"ReadAction","target":["https:\/\/farleydw.com\/kanari\/services\/"]}]},{"@type":"BreadcrumbList","@id":"https:\/\/farleydw.com\/kanari\/services\/#breadcrumb","itemListElement":[{"@type":"ListItem","position":1,"name":"Accueil","item":"https:\/\/farleydw.com\/kanari\/"},{"@type":"ListItem","position":2,"name":"SERVICES DE PLANIFICATION, CONTR\u00d4LE ET GESTION DE PROJETS"}]},{"@type":"WebSite","@id":"https:\/\/farleydw.com\/kanari\/#website","url":"https:\/\/farleydw.com\/kanari\/","name":"Kanari Management","description":"","publisher":{"@id":"https:\/\/farleydw.com\/kanari\/#organization"},"potentialAction":[{"@type":"SearchAction","target":{"@type":"EntryPoint","urlTemplate":"https:\/\/farleydw.com\/kanari\/?s={search_term_string}"},"query-input":{"@type":"PropertyValueSpecification","valueRequired":true,"valueName":"search_term_string"}}],"inLanguage":"fr-FR"},{"@type":"Organization","@id":"https:\/\/farleydw.com\/kanari\/#organization","name":"Kanari Management","url":"https:\/\/farleydw.com\/kanari\/","logo":{"@type":"ImageObject","inLanguage":"fr-FR","@id":"https:\/\/farleydw.com\/kanari\/#\/schema\/logo\/image\/","url":"https:\/\/farleydw.com\/kanari\/wp-content\/uploads\/2025\/01\/logotriangle.svg","contentUrl":"https:\/\/farleydw.com\/kanari\/wp-content\/uploads\/2025\/01\/logotriangle.svg","width":191,"height":320,"caption":"Kanari Management"},"image":{"@id":"https:\/\/farleydw.com\/kanari\/#\/schema\/logo\/image\/"}}]}},"_links":{"self":[{"href":"https:\/\/farleydw.com\/kanari\/wp-json\/wp\/v2\/pages\/27","targetHints":{"allow":["GET"]}}],"collection":[{"href":"https:\/\/farleydw.com\/kanari\/wp-json\/wp\/v2\/pages"}],"about":[{"href":"https:\/\/farleydw.com\/kanari\/wp-json\/wp\/v2\/types\/page"}],"author":[{"embeddable":true,"href":"https:\/\/farleydw.com\/kanari\/wp-json\/wp\/v2\/users\/1"}],"replies":[{"embeddable":true,"href":"https:\/\/farleydw.com\/kanari\/wp-json\/wp\/v2\/comments?post=27"}],"version-history":[{"count":22,"href":"https:\/\/farleydw.com\/kanari\/wp-json\/wp\/v2\/pages\/27\/revisions"}],"predecessor-version":[{"id":699,"href":"https:\/\/farleydw.com\/kanari\/wp-json\/wp\/v2\/pages\/27\/revisions\/699"}],"wp:attachment":[{"href":"https:\/\/farleydw.com\/kanari\/wp-json\/wp\/v2\/media?parent=27"}],"wp:term":[{"taxonomy":"folder","embeddable":true,"href":"https:\/\/farleydw.com\/kanari\/wp-json\/wp\/v2\/folder?post=27"}],"curies":[{"name":"wp","href":"https:\/\/api.w.org\/{rel}","templated":true}]}}