






{"id":281,"date":"2025-01-08T20:24:53","date_gmt":"2025-01-08T20:24:53","guid":{"rendered":"https:\/\/farleydw.com\/kanari\/?page_id=281"},"modified":"2025-01-14T17:25:27","modified_gmt":"2025-01-14T17:25:27","slug":"soumettre-votre-candidature","status":"publish","type":"page","link":"https:\/\/farleydw.com\/kanari\/soumettre-votre-candidature\/","title":{"rendered":"Soumettre votre candidature"},"content":{"rendered":"\n<p>Kanari management aspire \u00e0 devenir une r\u00e9f\u00e9rence en mati\u00e8re de planification et contr\u00f4le de projets. Mais pour accomplir tout \u00e7a, \u00e7a prend les meilleurs talents. Des gens qui s\u2019engagent \u00e0 mettre leur talent au service de nos clients, des gens qui veulent s\u2019am\u00e9liorer et offrir le meilleur service possible.&nbsp;<\/p>\n\n\n\n<p>Veuillez utiliser le formulaire ci-dessous afin de soumettre votre <strong>candidature pour un poste offert<\/strong> ou bien pour une <strong>candidature spontan\u00e9e<\/strong>.<\/p>\n\n\n\n<h2 class=\"wp-block-heading\">Formulaire de candidature<\/h2>\n\n\n\n<div class=\"wpcf7 no-js\" id=\"wpcf7-f289-o1\" lang=\"fr-FR\" dir=\"ltr\" data-wpcf7-id=\"289\">\n<div class=\"screen-reader-response\"><p role=\"status\" aria-live=\"polite\" aria-atomic=\"true\"><\/p> <ul><\/ul><\/div>\n<form action=\"\/kanari\/wp-json\/wp\/v2\/pages\/281#wpcf7-f289-o1\" method=\"post\" class=\"wpcf7-form init emploi\" aria-label=\"Formulaire de contact\" enctype=\"multipart\/form-data\" novalidate=\"novalidate\" data-status=\"init\">\n<div style=\"display: none;\">\n<input type=\"hidden\" name=\"_wpcf7\" value=\"289\" \/>\n<input type=\"hidden\" name=\"_wpcf7_version\" value=\"6.0.5\" \/>\n<input type=\"hidden\" name=\"_wpcf7_locale\" value=\"fr_FR\" \/>\n<input type=\"hidden\" name=\"_wpcf7_unit_tag\" value=\"wpcf7-f289-o1\" \/>\n<input type=\"hidden\" name=\"_wpcf7_container_post\" value=\"0\" \/>\n<input type=\"hidden\" name=\"_wpcf7_posted_data_hash\" value=\"\" \/>\n<\/div>\n<p><label><br \/>\n<span class=\"wpcf7-form-control-wrap\" data-name=\"your-name\"><input size=\"40\" maxlength=\"400\" class=\"wpcf7-form-control wpcf7-text wpcf7-validates-as-required\" autocomplete=\"name\" aria-required=\"true\" aria-invalid=\"false\" placeholder=\"Nom : *\" value=\"\" type=\"text\" name=\"your-name\" \/><\/span> <\/label>\n<\/p>\n<p><label><br \/>\n<span class=\"wpcf7-form-control-wrap\" data-name=\"your-email\"><input size=\"40\" maxlength=\"400\" class=\"wpcf7-form-control wpcf7-email wpcf7-validates-as-required wpcf7-text wpcf7-validates-as-email\" autocomplete=\"email\" aria-required=\"true\" aria-invalid=\"false\" placeholder=\"Adresse courriel : *\" value=\"\" type=\"email\" name=\"your-email\" \/><\/span> <\/label>\n<\/p>\n<p><label><br \/>\n<span class=\"wpcf7-form-control-wrap\" data-name=\"tel-869\"><input size=\"40\" maxlength=\"14\" minlength=\"13\" class=\"wpcf7-form-control wpcf7-tel wpcf7-validates-as-required wpcf7-text wpcf7-validates-as-tel\" aria-required=\"true\" aria-invalid=\"false\" placeholder=\"Num\u00e9ro de t\u00e9l\u00e9phone (000) 000-0000 : *\" value=\"\" type=\"tel\" name=\"tel-869\" \/><\/span><\/label>\n<\/p>\n<p><label><br \/>\n<span class=\"wpcf7-form-control-wrap\" data-name=\"select-986\"><select class=\"wpcf7-form-control wpcf7-select wpcf7-validates-as-required\" aria-required=\"true\" aria-invalid=\"false\" name=\"select-986\"><option value=\"\">Pr\u00e9cisez votre candidature *<\/option><option value=\"Contr\u00f4leur de co\u00fbts\">Contr\u00f4leur de co\u00fbts<\/option><option value=\"Planificateur Financier\">Planificateur Financier<\/option><option value=\"Candidature spontan\u00e9e\">Candidature spontan\u00e9e<\/option><\/select><\/span> <\/label>\n<\/p>\n<p><label><br \/>\n<span class=\"wpcf7-form-control-wrap\" data-name=\"your-message\"><textarea cols=\"40\" rows=\"10\" maxlength=\"2000\" class=\"wpcf7-form-control wpcf7-textarea wpcf7-validates-as-required\" aria-required=\"true\" aria-invalid=\"false\" placeholder=\"Message : *\" name=\"your-message\"><\/textarea><\/span> <\/label>\n<\/p>\n<p><label> Vos fichiers (pdf, txt) *<br \/>\n<span class=\"wpcf7-form-control-wrap\" data-name=\"fichier-fr\"><input size=\"40\" class=\"wpcf7-form-control wpcf7-file wpcf7-validates-as-required\" accept=\".pdf,.txt\" aria-required=\"true\" aria-invalid=\"false\" type=\"file\" name=\"fichier-fr\" \/><\/span><\/label>\n<\/p>\n<p><input class=\"wpcf7-form-control wpcf7-submit has-spinner\" type=\"submit\" value=\"Soumettre\" \/>\n<\/p><p style=\"display: none !important;\" class=\"akismet-fields-container\" data-prefix=\"_wpcf7_ak_\"><label>&#916;<textarea name=\"_wpcf7_ak_hp_textarea\" cols=\"45\" rows=\"8\" maxlength=\"100\"><\/textarea><\/label><input type=\"hidden\" id=\"ak_js_1\" name=\"_wpcf7_ak_js\" value=\"162\"\/><script>document.getElementById( \"ak_js_1\" ).setAttribute( \"value\", ( new Date() ).getTime() );<\/script><\/p><div class=\"wpcf7-response-output\" aria-hidden=\"true\"><\/div>\n<\/form>\n<\/div>\n\n","protected":false},"excerpt":{"rendered":"<p>Kanari management aspire \u00e0 devenir une r\u00e9f\u00e9rence en mati\u00e8re de planification et contr\u00f4le de projets. Mais pour accomplir tout \u00e7a, \u00e7a prend les meilleurs talents. Des gens qui s\u2019engagent \u00e0 mettre leur talent au service de nos clients, des gens qui veulent s\u2019am\u00e9liorer et offrir le meilleur service possible.&nbsp; Veuillez utiliser le formulaire ci-dessous afin [&hellip;]<\/p>\n","protected":false},"author":1,"featured_media":0,"parent":0,"menu_order":14,"comment_status":"closed","ping_status":"closed","template":"page.php","meta":{"_acf_changed":false,"footnotes":""},"folder":[],"class_list":["post-281","page","type-page","status-publish","hentry"],"acf":[],"yoast_head":"<!-- This site is optimized with the Yoast SEO plugin v24.7 - https:\/\/yoast.com\/wordpress\/plugins\/seo\/ -->\n<title>Soumettre votre candidature - Kanari Management<\/title>\n<meta name=\"robots\" content=\"index, follow, max-snippet:-1, max-image-preview:large, max-video-preview:-1\" \/>\n<link rel=\"canonical\" href=\"https:\/\/farleydw.com\/kanari\/soumettre-votre-candidature\/\" \/>\n<meta property=\"og:locale\" content=\"fr_FR\" \/>\n<meta property=\"og:type\" content=\"article\" \/>\n<meta property=\"og:title\" content=\"Soumettre votre candidature - Kanari Management\" \/>\n<meta property=\"og:description\" content=\"Kanari management aspire \u00e0 devenir une r\u00e9f\u00e9rence en mati\u00e8re de planification et contr\u00f4le de projets. Mais pour accomplir tout \u00e7a, \u00e7a prend les meilleurs talents. Des gens qui s\u2019engagent \u00e0 mettre leur talent au service de nos clients, des gens qui veulent s\u2019am\u00e9liorer et offrir le meilleur service possible.&nbsp; Veuillez utiliser le formulaire ci-dessous afin [&hellip;]\" \/>\n<meta property=\"og:url\" content=\"https:\/\/farleydw.com\/kanari\/soumettre-votre-candidature\/\" \/>\n<meta property=\"og:site_name\" content=\"Kanari Management\" \/>\n<meta property=\"article:modified_time\" content=\"2025-01-14T17:25:27+00:00\" \/>\n<meta name=\"twitter:card\" content=\"summary_large_image\" \/>\n<meta name=\"twitter:label1\" content=\"Dur\u00e9e de lecture estim\u00e9e\" \/>\n\t<meta name=\"twitter:data1\" content=\"1 minute\" \/>\n<script type=\"application\/ld+json\" class=\"yoast-schema-graph\">{\"@context\":\"https:\/\/schema.org\",\"@graph\":[{\"@type\":\"WebPage\",\"@id\":\"https:\/\/farleydw.com\/kanari\/soumettre-votre-candidature\/\",\"url\":\"https:\/\/farleydw.com\/kanari\/soumettre-votre-candidature\/\",\"name\":\"Soumettre votre candidature - Kanari Management\",\"isPartOf\":{\"@id\":\"https:\/\/farleydw.com\/kanari\/#website\"},\"datePublished\":\"2025-01-08T20:24:53+00:00\",\"dateModified\":\"2025-01-14T17:25:27+00:00\",\"breadcrumb\":{\"@id\":\"https:\/\/farleydw.com\/kanari\/soumettre-votre-candidature\/#breadcrumb\"},\"inLanguage\":\"fr-FR\",\"potentialAction\":[{\"@type\":\"ReadAction\",\"target\":[\"https:\/\/farleydw.com\/kanari\/soumettre-votre-candidature\/\"]}]},{\"@type\":\"BreadcrumbList\",\"@id\":\"https:\/\/farleydw.com\/kanari\/soumettre-votre-candidature\/#breadcrumb\",\"itemListElement\":[{\"@type\":\"ListItem\",\"position\":1,\"name\":\"Accueil\",\"item\":\"https:\/\/farleydw.com\/kanari\/\"},{\"@type\":\"ListItem\",\"position\":2,\"name\":\"Soumettre votre candidature\"}]},{\"@type\":\"WebSite\",\"@id\":\"https:\/\/farleydw.com\/kanari\/#website\",\"url\":\"https:\/\/farleydw.com\/kanari\/\",\"name\":\"Kanari Management\",\"description\":\"\",\"publisher\":{\"@id\":\"https:\/\/farleydw.com\/kanari\/#organization\"},\"potentialAction\":[{\"@type\":\"SearchAction\",\"target\":{\"@type\":\"EntryPoint\",\"urlTemplate\":\"https:\/\/farleydw.com\/kanari\/?s={search_term_string}\"},\"query-input\":{\"@type\":\"PropertyValueSpecification\",\"valueRequired\":true,\"valueName\":\"search_term_string\"}}],\"inLanguage\":\"fr-FR\"},{\"@type\":\"Organization\",\"@id\":\"https:\/\/farleydw.com\/kanari\/#organization\",\"name\":\"Kanari Management\",\"url\":\"https:\/\/farleydw.com\/kanari\/\",\"logo\":{\"@type\":\"ImageObject\",\"inLanguage\":\"fr-FR\",\"@id\":\"https:\/\/farleydw.com\/kanari\/#\/schema\/logo\/image\/\",\"url\":\"https:\/\/farleydw.com\/kanari\/wp-content\/uploads\/2025\/01\/logotriangle.svg\",\"contentUrl\":\"https:\/\/farleydw.com\/kanari\/wp-content\/uploads\/2025\/01\/logotriangle.svg\",\"width\":191,\"height\":320,\"caption\":\"Kanari Management\"},\"image\":{\"@id\":\"https:\/\/farleydw.com\/kanari\/#\/schema\/logo\/image\/\"}}]}<\/script>\n<!-- \/ Yoast SEO plugin. -->","yoast_head_json":{"title":"Soumettre votre candidature - Kanari Management","robots":{"index":"index","follow":"follow","max-snippet":"max-snippet:-1","max-image-preview":"max-image-preview:large","max-video-preview":"max-video-preview:-1"},"canonical":"https:\/\/farleydw.com\/kanari\/soumettre-votre-candidature\/","og_locale":"fr_FR","og_type":"article","og_title":"Soumettre votre candidature - Kanari Management","og_description":"Kanari management aspire \u00e0 devenir une r\u00e9f\u00e9rence en mati\u00e8re de planification et contr\u00f4le de projets. Mais pour accomplir tout \u00e7a, \u00e7a prend les meilleurs talents. Des gens qui s\u2019engagent \u00e0 mettre leur talent au service de nos clients, des gens qui veulent s\u2019am\u00e9liorer et offrir le meilleur service possible.&nbsp; Veuillez utiliser le formulaire ci-dessous afin [&hellip;]","og_url":"https:\/\/farleydw.com\/kanari\/soumettre-votre-candidature\/","og_site_name":"Kanari Management","article_modified_time":"2025-01-14T17:25:27+00:00","twitter_card":"summary_large_image","twitter_misc":{"Dur\u00e9e de lecture estim\u00e9e":"1 minute"},"schema":{"@context":"https:\/\/schema.org","@graph":[{"@type":"WebPage","@id":"https:\/\/farleydw.com\/kanari\/soumettre-votre-candidature\/","url":"https:\/\/farleydw.com\/kanari\/soumettre-votre-candidature\/","name":"Soumettre votre candidature - Kanari Management","isPartOf":{"@id":"https:\/\/farleydw.com\/kanari\/#website"},"datePublished":"2025-01-08T20:24:53+00:00","dateModified":"2025-01-14T17:25:27+00:00","breadcrumb":{"@id":"https:\/\/farleydw.com\/kanari\/soumettre-votre-candidature\/#breadcrumb"},"inLanguage":"fr-FR","potentialAction":[{"@type":"ReadAction","target":["https:\/\/farleydw.com\/kanari\/soumettre-votre-candidature\/"]}]},{"@type":"BreadcrumbList","@id":"https:\/\/farleydw.com\/kanari\/soumettre-votre-candidature\/#breadcrumb","itemListElement":[{"@type":"ListItem","position":1,"name":"Accueil","item":"https:\/\/farleydw.com\/kanari\/"},{"@type":"ListItem","position":2,"name":"Soumettre votre candidature"}]},{"@type":"WebSite","@id":"https:\/\/farleydw.com\/kanari\/#website","url":"https:\/\/farleydw.com\/kanari\/","name":"Kanari Management","description":"","publisher":{"@id":"https:\/\/farleydw.com\/kanari\/#organization"},"potentialAction":[{"@type":"SearchAction","target":{"@type":"EntryPoint","urlTemplate":"https:\/\/farleydw.com\/kanari\/?s={search_term_string}"},"query-input":{"@type":"PropertyValueSpecification","valueRequired":true,"valueName":"search_term_string"}}],"inLanguage":"fr-FR"},{"@type":"Organization","@id":"https:\/\/farleydw.com\/kanari\/#organization","name":"Kanari Management","url":"https:\/\/farleydw.com\/kanari\/","logo":{"@type":"ImageObject","inLanguage":"fr-FR","@id":"https:\/\/farleydw.com\/kanari\/#\/schema\/logo\/image\/","url":"https:\/\/farleydw.com\/kanari\/wp-content\/uploads\/2025\/01\/logotriangle.svg","contentUrl":"https:\/\/farleydw.com\/kanari\/wp-content\/uploads\/2025\/01\/logotriangle.svg","width":191,"height":320,"caption":"Kanari Management"},"image":{"@id":"https:\/\/farleydw.com\/kanari\/#\/schema\/logo\/image\/"}}]}},"_links":{"self":[{"href":"https:\/\/farleydw.com\/kanari\/wp-json\/wp\/v2\/pages\/281","targetHints":{"allow":["GET"]}}],"collection":[{"href":"https:\/\/farleydw.com\/kanari\/wp-json\/wp\/v2\/pages"}],"about":[{"href":"https:\/\/farleydw.com\/kanari\/wp-json\/wp\/v2\/types\/page"}],"author":[{"embeddable":true,"href":"https:\/\/farleydw.com\/kanari\/wp-json\/wp\/v2\/users\/1"}],"replies":[{"embeddable":true,"href":"https:\/\/farleydw.com\/kanari\/wp-json\/wp\/v2\/comments?post=281"}],"version-history":[{"count":3,"href":"https:\/\/farleydw.com\/kanari\/wp-json\/wp\/v2\/pages\/281\/revisions"}],"predecessor-version":[{"id":344,"href":"https:\/\/farleydw.com\/kanari\/wp-json\/wp\/v2\/pages\/281\/revisions\/344"}],"wp:attachment":[{"href":"https:\/\/farleydw.com\/kanari\/wp-json\/wp\/v2\/media?parent=281"}],"wp:term":[{"taxonomy":"folder","embeddable":true,"href":"https:\/\/farleydw.com\/kanari\/wp-json\/wp\/v2\/folder?post=281"}],"curies":[{"name":"wp","href":"https:\/\/api.w.org\/{rel}","templated":true}]}}