






{"id":51,"date":"2024-09-25T19:46:41","date_gmt":"2024-09-25T19:46:41","guid":{"rendered":"https:\/\/farleydw.com\/kanari\/?page_id=51"},"modified":"2025-03-04T19:05:07","modified_gmt":"2025-03-04T19:05:07","slug":"vos-opportunites-de-carriere-2","status":"publish","type":"page","link":"https:\/\/farleydw.com\/kanari\/vos-opportunites-de-carriere-2\/","title":{"rendered":"VOS OPPORTUNIT\u00c9S DE CARRI\u00c8RES"},"content":{"rendered":"\n<p><strong>Kanari management aspire \u00e0 devenir une r\u00e9f\u00e9rence en gestion, planification et contr\u00f4le de projets. Pour y parvenir, nous avons besoin des meilleurs talents : des personnes pr\u00eates \u00e0 s\u2019engager pleinement aupr\u00e8s de nos clients, qui cherchent constamment \u00e0 se perfectionner et \u00e0 offrir un service de la plus haute qualit\u00e9.<\/strong><\/p>\n\n\n\n<h2 class=\"wp-block-heading\">Banque de candidatures<\/h2>\n\n\n\n<p>Rejoindre Kanari management, c\u2019est collaborer avec une \u00e9quipe de professionnels chevronn\u00e9s, reconnus pour leur ma\u00eetrise dans ces domaines. Nous recherchons des experts ayant d\u00e9j\u00e0 une exp\u00e9rience solide dans la gestion, la planification et le contr\u00f4le de projets, issus de secteurs vari\u00e9s comme les transports, les \u00e9nergies renouvelables, la construction, les mines et m\u00e9taux, l\u2019a\u00e9rospatial et la fabrication.<\/p>\n\n\n\n<p>Dipl\u00f4m\u00e9(e) d\u2019une \u00e9cole d\u2019ing\u00e9nierie ou d\u2019un programme universitaire en gestion de projet, vous avez une exp\u00e9rience av\u00e9r\u00e9e en tant que PMO, PCO ou estimateur. Vous \u00eates \u00e0 l\u2019aise avec des outils de gestion de projets tels que Primavera ou MS-Project et connaissez les meilleures pratiques reconnues dans le domaine.<\/p>\n\n\n\n<p>Si vous \u00eates int\u00e9ress\u00e9s, n\u2019h\u00e9sitez pas \u00e0 nous faire parvenir votre curriculum vitae par\u00a0<a href=\"mailto:mj.salvas@kanari-mng.com\" target=\"_blank\" rel=\"noreferrer noopener\">courriel<\/a> ou en utilisant <a href=\"https:\/\/farleydw.com\/kanari\/soumettre-votre-candidature\/\">le formulaire de candidature<\/a>.<\/p>\n\n\n\n<p><\/p>\n","protected":false},"excerpt":{"rendered":"<p>Kanari management aspire \u00e0 devenir une r\u00e9f\u00e9rence en gestion, planification et contr\u00f4le de projets. Pour y parvenir, nous avons besoin des meilleurs talents : des personnes pr\u00eates \u00e0 s\u2019engager pleinement aupr\u00e8s de nos clients, qui cherchent constamment \u00e0 se perfectionner et \u00e0 offrir un service de la plus haute qualit\u00e9. Banque de candidatures Rejoindre Kanari [&hellip;]<\/p>\n","protected":false},"author":1,"featured_media":0,"parent":0,"menu_order":7,"comment_status":"closed","ping_status":"closed","template":"carriere.php","meta":{"_acf_changed":false,"footnotes":""},"folder":[],"class_list":["post-51","page","type-page","status-publish","hentry"],"acf":[],"yoast_head":"<!-- This site is optimized with the Yoast SEO plugin v24.7 - https:\/\/yoast.com\/wordpress\/plugins\/seo\/ -->\n<title>VOS OPPORTUNIT\u00c9S DE CARRI\u00c8RES - Kanari Management<\/title>\n<meta name=\"robots\" content=\"index, follow, max-snippet:-1, max-image-preview:large, max-video-preview:-1\" \/>\n<link rel=\"canonical\" href=\"https:\/\/farleydw.com\/kanari\/vos-opportunites-de-carriere-2\/\" \/>\n<meta property=\"og:locale\" content=\"fr_FR\" \/>\n<meta property=\"og:type\" content=\"article\" \/>\n<meta property=\"og:title\" content=\"VOS OPPORTUNIT\u00c9S DE CARRI\u00c8RES - Kanari Management\" \/>\n<meta property=\"og:description\" content=\"Kanari management aspire \u00e0 devenir une r\u00e9f\u00e9rence en gestion, planification et contr\u00f4le de projets. Pour y parvenir, nous avons besoin des meilleurs talents : des personnes pr\u00eates \u00e0 s\u2019engager pleinement aupr\u00e8s de nos clients, qui cherchent constamment \u00e0 se perfectionner et \u00e0 offrir un service de la plus haute qualit\u00e9. Banque de candidatures Rejoindre Kanari [&hellip;]\" \/>\n<meta property=\"og:url\" content=\"https:\/\/farleydw.com\/kanari\/vos-opportunites-de-carriere-2\/\" \/>\n<meta property=\"og:site_name\" content=\"Kanari Management\" \/>\n<meta property=\"article:modified_time\" content=\"2025-03-04T19:05:07+00:00\" \/>\n<meta name=\"twitter:card\" content=\"summary_large_image\" \/>\n<meta name=\"twitter:label1\" content=\"Dur\u00e9e de lecture estim\u00e9e\" \/>\n\t<meta name=\"twitter:data1\" content=\"1 minute\" \/>\n<script type=\"application\/ld+json\" class=\"yoast-schema-graph\">{\"@context\":\"https:\/\/schema.org\",\"@graph\":[{\"@type\":\"WebPage\",\"@id\":\"https:\/\/farleydw.com\/kanari\/vos-opportunites-de-carriere-2\/\",\"url\":\"https:\/\/farleydw.com\/kanari\/vos-opportunites-de-carriere-2\/\",\"name\":\"VOS OPPORTUNIT\u00c9S DE CARRI\u00c8RES - Kanari Management\",\"isPartOf\":{\"@id\":\"https:\/\/farleydw.com\/kanari\/#website\"},\"datePublished\":\"2024-09-25T19:46:41+00:00\",\"dateModified\":\"2025-03-04T19:05:07+00:00\",\"breadcrumb\":{\"@id\":\"https:\/\/farleydw.com\/kanari\/vos-opportunites-de-carriere-2\/#breadcrumb\"},\"inLanguage\":\"fr-FR\",\"potentialAction\":[{\"@type\":\"ReadAction\",\"target\":[\"https:\/\/farleydw.com\/kanari\/vos-opportunites-de-carriere-2\/\"]}]},{\"@type\":\"BreadcrumbList\",\"@id\":\"https:\/\/farleydw.com\/kanari\/vos-opportunites-de-carriere-2\/#breadcrumb\",\"itemListElement\":[{\"@type\":\"ListItem\",\"position\":1,\"name\":\"Accueil\",\"item\":\"https:\/\/farleydw.com\/kanari\/\"},{\"@type\":\"ListItem\",\"position\":2,\"name\":\"VOS OPPORTUNIT\u00c9S DE CARRI\u00c8RES\"}]},{\"@type\":\"WebSite\",\"@id\":\"https:\/\/farleydw.com\/kanari\/#website\",\"url\":\"https:\/\/farleydw.com\/kanari\/\",\"name\":\"Kanari Management\",\"description\":\"\",\"publisher\":{\"@id\":\"https:\/\/farleydw.com\/kanari\/#organization\"},\"potentialAction\":[{\"@type\":\"SearchAction\",\"target\":{\"@type\":\"EntryPoint\",\"urlTemplate\":\"https:\/\/farleydw.com\/kanari\/?s={search_term_string}\"},\"query-input\":{\"@type\":\"PropertyValueSpecification\",\"valueRequired\":true,\"valueName\":\"search_term_string\"}}],\"inLanguage\":\"fr-FR\"},{\"@type\":\"Organization\",\"@id\":\"https:\/\/farleydw.com\/kanari\/#organization\",\"name\":\"Kanari Management\",\"url\":\"https:\/\/farleydw.com\/kanari\/\",\"logo\":{\"@type\":\"ImageObject\",\"inLanguage\":\"fr-FR\",\"@id\":\"https:\/\/farleydw.com\/kanari\/#\/schema\/logo\/image\/\",\"url\":\"https:\/\/farleydw.com\/kanari\/wp-content\/uploads\/2025\/01\/logotriangle.svg\",\"contentUrl\":\"https:\/\/farleydw.com\/kanari\/wp-content\/uploads\/2025\/01\/logotriangle.svg\",\"width\":191,\"height\":320,\"caption\":\"Kanari Management\"},\"image\":{\"@id\":\"https:\/\/farleydw.com\/kanari\/#\/schema\/logo\/image\/\"}}]}<\/script>\n<!-- \/ Yoast SEO plugin. -->","yoast_head_json":{"title":"VOS OPPORTUNIT\u00c9S DE CARRI\u00c8RES - Kanari Management","robots":{"index":"index","follow":"follow","max-snippet":"max-snippet:-1","max-image-preview":"max-image-preview:large","max-video-preview":"max-video-preview:-1"},"canonical":"https:\/\/farleydw.com\/kanari\/vos-opportunites-de-carriere-2\/","og_locale":"fr_FR","og_type":"article","og_title":"VOS OPPORTUNIT\u00c9S DE CARRI\u00c8RES - Kanari Management","og_description":"Kanari management aspire \u00e0 devenir une r\u00e9f\u00e9rence en gestion, planification et contr\u00f4le de projets. Pour y parvenir, nous avons besoin des meilleurs talents : des personnes pr\u00eates \u00e0 s\u2019engager pleinement aupr\u00e8s de nos clients, qui cherchent constamment \u00e0 se perfectionner et \u00e0 offrir un service de la plus haute qualit\u00e9. Banque de candidatures Rejoindre Kanari [&hellip;]","og_url":"https:\/\/farleydw.com\/kanari\/vos-opportunites-de-carriere-2\/","og_site_name":"Kanari Management","article_modified_time":"2025-03-04T19:05:07+00:00","twitter_card":"summary_large_image","twitter_misc":{"Dur\u00e9e de lecture estim\u00e9e":"1 minute"},"schema":{"@context":"https:\/\/schema.org","@graph":[{"@type":"WebPage","@id":"https:\/\/farleydw.com\/kanari\/vos-opportunites-de-carriere-2\/","url":"https:\/\/farleydw.com\/kanari\/vos-opportunites-de-carriere-2\/","name":"VOS OPPORTUNIT\u00c9S DE CARRI\u00c8RES - Kanari Management","isPartOf":{"@id":"https:\/\/farleydw.com\/kanari\/#website"},"datePublished":"2024-09-25T19:46:41+00:00","dateModified":"2025-03-04T19:05:07+00:00","breadcrumb":{"@id":"https:\/\/farleydw.com\/kanari\/vos-opportunites-de-carriere-2\/#breadcrumb"},"inLanguage":"fr-FR","potentialAction":[{"@type":"ReadAction","target":["https:\/\/farleydw.com\/kanari\/vos-opportunites-de-carriere-2\/"]}]},{"@type":"BreadcrumbList","@id":"https:\/\/farleydw.com\/kanari\/vos-opportunites-de-carriere-2\/#breadcrumb","itemListElement":[{"@type":"ListItem","position":1,"name":"Accueil","item":"https:\/\/farleydw.com\/kanari\/"},{"@type":"ListItem","position":2,"name":"VOS OPPORTUNIT\u00c9S DE CARRI\u00c8RES"}]},{"@type":"WebSite","@id":"https:\/\/farleydw.com\/kanari\/#website","url":"https:\/\/farleydw.com\/kanari\/","name":"Kanari Management","description":"","publisher":{"@id":"https:\/\/farleydw.com\/kanari\/#organization"},"potentialAction":[{"@type":"SearchAction","target":{"@type":"EntryPoint","urlTemplate":"https:\/\/farleydw.com\/kanari\/?s={search_term_string}"},"query-input":{"@type":"PropertyValueSpecification","valueRequired":true,"valueName":"search_term_string"}}],"inLanguage":"fr-FR"},{"@type":"Organization","@id":"https:\/\/farleydw.com\/kanari\/#organization","name":"Kanari Management","url":"https:\/\/farleydw.com\/kanari\/","logo":{"@type":"ImageObject","inLanguage":"fr-FR","@id":"https:\/\/farleydw.com\/kanari\/#\/schema\/logo\/image\/","url":"https:\/\/farleydw.com\/kanari\/wp-content\/uploads\/2025\/01\/logotriangle.svg","contentUrl":"https:\/\/farleydw.com\/kanari\/wp-content\/uploads\/2025\/01\/logotriangle.svg","width":191,"height":320,"caption":"Kanari Management"},"image":{"@id":"https:\/\/farleydw.com\/kanari\/#\/schema\/logo\/image\/"}}]}},"_links":{"self":[{"href":"https:\/\/farleydw.com\/kanari\/wp-json\/wp\/v2\/pages\/51","targetHints":{"allow":["GET"]}}],"collection":[{"href":"https:\/\/farleydw.com\/kanari\/wp-json\/wp\/v2\/pages"}],"about":[{"href":"https:\/\/farleydw.com\/kanari\/wp-json\/wp\/v2\/types\/page"}],"author":[{"embeddable":true,"href":"https:\/\/farleydw.com\/kanari\/wp-json\/wp\/v2\/users\/1"}],"replies":[{"embeddable":true,"href":"https:\/\/farleydw.com\/kanari\/wp-json\/wp\/v2\/comments?post=51"}],"version-history":[{"count":15,"href":"https:\/\/farleydw.com\/kanari\/wp-json\/wp\/v2\/pages\/51\/revisions"}],"predecessor-version":[{"id":684,"href":"https:\/\/farleydw.com\/kanari\/wp-json\/wp\/v2\/pages\/51\/revisions\/684"}],"wp:attachment":[{"href":"https:\/\/farleydw.com\/kanari\/wp-json\/wp\/v2\/media?parent=51"}],"wp:term":[{"taxonomy":"folder","embeddable":true,"href":"https:\/\/farleydw.com\/kanari\/wp-json\/wp\/v2\/folder?post=51"}],"curies":[{"name":"wp","href":"https:\/\/api.w.org\/{rel}","templated":true}]}}