






{"id":68,"date":"2024-12-19T16:48:49","date_gmt":"2024-12-19T16:48:49","guid":{"rendered":"https:\/\/farleydw.com\/kanari\/?page_id=68"},"modified":"2025-03-04T19:10:35","modified_gmt":"2025-03-04T19:10:35","slug":"contact","status":"publish","type":"page","link":"https:\/\/farleydw.com\/kanari\/contact\/","title":{"rendered":"VOUS SOUHAITEZ EN SAVOIR PLUS ?"},"content":{"rendered":"\n<p><strong>Nous sommes toujours disponibles pour discuter de vos besoins et vous fournir des recommandations et des solutions appropri\u00e9es.&nbsp;<\/strong><\/p>\n\n\n\n<p>L\u2019\u00e9coute est l\u2019une de nos valeurs, n&rsquo;h\u00e9sitez pas \u00e0 communiquer avec nous !<\/p>\n\n\n\n<h2 class=\"wp-block-heading\">Formulaire de contact<\/h2>\n\n\n\n<div class=\"wpcf7 no-js\" id=\"wpcf7-f132-o1\" lang=\"fr-FR\" dir=\"ltr\" data-wpcf7-id=\"132\">\n<div class=\"screen-reader-response\"><p role=\"status\" aria-live=\"polite\" aria-atomic=\"true\"><\/p> <ul><\/ul><\/div>\n<form action=\"\/kanari\/wp-json\/wp\/v2\/pages\/68#wpcf7-f132-o1\" method=\"post\" class=\"wpcf7-form init contact\" aria-label=\"Formulaire de contact\" novalidate=\"novalidate\" data-status=\"init\">\n<div style=\"display: none;\">\n<input type=\"hidden\" name=\"_wpcf7\" value=\"132\" \/>\n<input type=\"hidden\" name=\"_wpcf7_version\" value=\"6.0.5\" \/>\n<input type=\"hidden\" name=\"_wpcf7_locale\" value=\"fr_FR\" \/>\n<input type=\"hidden\" name=\"_wpcf7_unit_tag\" value=\"wpcf7-f132-o1\" \/>\n<input type=\"hidden\" name=\"_wpcf7_container_post\" value=\"0\" \/>\n<input type=\"hidden\" name=\"_wpcf7_posted_data_hash\" value=\"\" \/>\n<\/div>\n<p><label><span class=\"wpcf7-form-control-wrap\" data-name=\"your-name\"><input size=\"40\" maxlength=\"400\" class=\"wpcf7-form-control wpcf7-text wpcf7-validates-as-required required\" autocomplete=\"name\" aria-required=\"true\" aria-invalid=\"false\" placeholder=\"Nom : *\" value=\"\" type=\"text\" name=\"your-name\" \/><\/span> <\/label>\n<\/p>\n<p><label><span class=\"wpcf7-form-control-wrap\" data-name=\"your-email\"><input size=\"40\" maxlength=\"400\" class=\"wpcf7-form-control wpcf7-email wpcf7-validates-as-required wpcf7-text wpcf7-validates-as-email required\" autocomplete=\"email\" aria-required=\"true\" aria-invalid=\"false\" placeholder=\"Adresse courriel : *\" value=\"\" type=\"email\" name=\"your-email\" \/><\/span> <\/label>\n<\/p>\n<p><label><span class=\"wpcf7-form-control-wrap\" data-name=\"your-subject\"><input size=\"40\" maxlength=\"400\" class=\"wpcf7-form-control wpcf7-text wpcf7-validates-as-required\" aria-required=\"true\" aria-invalid=\"false\" placeholder=\"Objet : *\" value=\"\" type=\"text\" name=\"your-subject\" \/><\/span> <\/label>\n<\/p>\n<p><label><span class=\"wpcf7-form-control-wrap\" data-name=\"your-message\"><textarea cols=\"40\" rows=\"10\" maxlength=\"2000\" class=\"wpcf7-form-control wpcf7-textarea wpcf7-validates-as-required\" aria-required=\"true\" aria-invalid=\"false\" placeholder=\"Message : *\" name=\"your-message\"><\/textarea><\/span> <\/label>\n<\/p>\n<p><input class=\"wpcf7-form-control wpcf7-submit has-spinner\" type=\"submit\" value=\"Envoyer\" \/>\n<\/p><p style=\"display: none !important;\" class=\"akismet-fields-container\" data-prefix=\"_wpcf7_ak_\"><label>&#916;<textarea name=\"_wpcf7_ak_hp_textarea\" cols=\"45\" rows=\"8\" maxlength=\"100\"><\/textarea><\/label><input type=\"hidden\" id=\"ak_js_1\" name=\"_wpcf7_ak_js\" value=\"22\"\/><script>document.getElementById( \"ak_js_1\" ).setAttribute( \"value\", ( new Date() ).getTime() );<\/script><\/p><div class=\"wpcf7-response-output\" aria-hidden=\"true\"><\/div>\n<\/form>\n<\/div>\n\n\n\n\n<h2 class=\"wp-block-heading\">Int\u00e9ress\u00e9.e par un poste chez Kanari management<\/h2>\n\n\n\n<p>Si vous \u00eates int\u00e9ress\u00e9s \u00e0 faire carri\u00e8re chez Kanari management, n\u2019h\u00e9sitez pas \u00e0 nous faire parvenir votre curriculum vitae par\u00a0<a href=\"mailto:mj.salvas@kanari-mng.com\" target=\"_blank\" rel=\"noreferrer noopener\">courriel<\/a> ou en utilisant <a href=\"https:\/\/farleydw.com\/kanari\/soumettre-votre-candidature\/\">le formulaire de candidature<\/a>.<\/p>\n","protected":false},"excerpt":{"rendered":"<p>Nous sommes toujours disponibles pour discuter de vos besoins et vous fournir des recommandations et des solutions appropri\u00e9es.&nbsp; L\u2019\u00e9coute est l\u2019une de nos valeurs, n&rsquo;h\u00e9sitez pas \u00e0 communiquer avec nous ! Formulaire de contact Int\u00e9ress\u00e9.e par un poste chez Kanari management Si vous \u00eates int\u00e9ress\u00e9s \u00e0 faire carri\u00e8re chez Kanari management, n\u2019h\u00e9sitez pas \u00e0 nous [&hellip;]<\/p>\n","protected":false},"author":1,"featured_media":0,"parent":0,"menu_order":12,"comment_status":"closed","ping_status":"closed","template":"page.php","meta":{"_acf_changed":false,"footnotes":""},"folder":[],"class_list":["post-68","page","type-page","status-publish","hentry"],"acf":[],"yoast_head":"<!-- This site is optimized with the Yoast SEO plugin v24.7 - https:\/\/yoast.com\/wordpress\/plugins\/seo\/ -->\n<title>VOUS SOUHAITEZ EN SAVOIR PLUS ? - Kanari Management<\/title>\n<meta name=\"robots\" content=\"index, follow, max-snippet:-1, max-image-preview:large, max-video-preview:-1\" \/>\n<link rel=\"canonical\" href=\"https:\/\/farleydw.com\/kanari\/contact\/\" \/>\n<meta property=\"og:locale\" content=\"fr_FR\" \/>\n<meta property=\"og:type\" content=\"article\" \/>\n<meta property=\"og:title\" content=\"VOUS SOUHAITEZ EN SAVOIR PLUS ? - Kanari Management\" \/>\n<meta property=\"og:description\" content=\"Nous sommes toujours disponibles pour discuter de vos besoins et vous fournir des recommandations et des solutions appropri\u00e9es.&nbsp; L\u2019\u00e9coute est l\u2019une de nos valeurs, n&rsquo;h\u00e9sitez pas \u00e0 communiquer avec nous ! Formulaire de contact Int\u00e9ress\u00e9.e par un poste chez Kanari management Si vous \u00eates int\u00e9ress\u00e9s \u00e0 faire carri\u00e8re chez Kanari management, n\u2019h\u00e9sitez pas \u00e0 nous [&hellip;]\" \/>\n<meta property=\"og:url\" content=\"https:\/\/farleydw.com\/kanari\/contact\/\" \/>\n<meta property=\"og:site_name\" content=\"Kanari Management\" \/>\n<meta property=\"article:modified_time\" content=\"2025-03-04T19:10:35+00:00\" \/>\n<meta name=\"twitter:card\" content=\"summary_large_image\" \/>\n<meta name=\"twitter:label1\" content=\"Dur\u00e9e de lecture estim\u00e9e\" \/>\n\t<meta name=\"twitter:data1\" content=\"1 minute\" \/>\n<script type=\"application\/ld+json\" class=\"yoast-schema-graph\">{\"@context\":\"https:\/\/schema.org\",\"@graph\":[{\"@type\":\"WebPage\",\"@id\":\"https:\/\/farleydw.com\/kanari\/contact\/\",\"url\":\"https:\/\/farleydw.com\/kanari\/contact\/\",\"name\":\"VOUS SOUHAITEZ EN SAVOIR PLUS ? - Kanari Management\",\"isPartOf\":{\"@id\":\"https:\/\/farleydw.com\/kanari\/#website\"},\"datePublished\":\"2024-12-19T16:48:49+00:00\",\"dateModified\":\"2025-03-04T19:10:35+00:00\",\"breadcrumb\":{\"@id\":\"https:\/\/farleydw.com\/kanari\/contact\/#breadcrumb\"},\"inLanguage\":\"fr-FR\",\"potentialAction\":[{\"@type\":\"ReadAction\",\"target\":[\"https:\/\/farleydw.com\/kanari\/contact\/\"]}]},{\"@type\":\"BreadcrumbList\",\"@id\":\"https:\/\/farleydw.com\/kanari\/contact\/#breadcrumb\",\"itemListElement\":[{\"@type\":\"ListItem\",\"position\":1,\"name\":\"Accueil\",\"item\":\"https:\/\/farleydw.com\/kanari\/\"},{\"@type\":\"ListItem\",\"position\":2,\"name\":\"VOUS SOUHAITEZ EN SAVOIR PLUS ?\"}]},{\"@type\":\"WebSite\",\"@id\":\"https:\/\/farleydw.com\/kanari\/#website\",\"url\":\"https:\/\/farleydw.com\/kanari\/\",\"name\":\"Kanari Management\",\"description\":\"\",\"publisher\":{\"@id\":\"https:\/\/farleydw.com\/kanari\/#organization\"},\"potentialAction\":[{\"@type\":\"SearchAction\",\"target\":{\"@type\":\"EntryPoint\",\"urlTemplate\":\"https:\/\/farleydw.com\/kanari\/?s={search_term_string}\"},\"query-input\":{\"@type\":\"PropertyValueSpecification\",\"valueRequired\":true,\"valueName\":\"search_term_string\"}}],\"inLanguage\":\"fr-FR\"},{\"@type\":\"Organization\",\"@id\":\"https:\/\/farleydw.com\/kanari\/#organization\",\"name\":\"Kanari Management\",\"url\":\"https:\/\/farleydw.com\/kanari\/\",\"logo\":{\"@type\":\"ImageObject\",\"inLanguage\":\"fr-FR\",\"@id\":\"https:\/\/farleydw.com\/kanari\/#\/schema\/logo\/image\/\",\"url\":\"https:\/\/farleydw.com\/kanari\/wp-content\/uploads\/2025\/01\/logotriangle.svg\",\"contentUrl\":\"https:\/\/farleydw.com\/kanari\/wp-content\/uploads\/2025\/01\/logotriangle.svg\",\"width\":191,\"height\":320,\"caption\":\"Kanari Management\"},\"image\":{\"@id\":\"https:\/\/farleydw.com\/kanari\/#\/schema\/logo\/image\/\"}}]}<\/script>\n<!-- \/ Yoast SEO plugin. -->","yoast_head_json":{"title":"VOUS SOUHAITEZ EN SAVOIR PLUS ? - Kanari Management","robots":{"index":"index","follow":"follow","max-snippet":"max-snippet:-1","max-image-preview":"max-image-preview:large","max-video-preview":"max-video-preview:-1"},"canonical":"https:\/\/farleydw.com\/kanari\/contact\/","og_locale":"fr_FR","og_type":"article","og_title":"VOUS SOUHAITEZ EN SAVOIR PLUS ? - Kanari Management","og_description":"Nous sommes toujours disponibles pour discuter de vos besoins et vous fournir des recommandations et des solutions appropri\u00e9es.&nbsp; L\u2019\u00e9coute est l\u2019une de nos valeurs, n&rsquo;h\u00e9sitez pas \u00e0 communiquer avec nous ! Formulaire de contact Int\u00e9ress\u00e9.e par un poste chez Kanari management Si vous \u00eates int\u00e9ress\u00e9s \u00e0 faire carri\u00e8re chez Kanari management, n\u2019h\u00e9sitez pas \u00e0 nous [&hellip;]","og_url":"https:\/\/farleydw.com\/kanari\/contact\/","og_site_name":"Kanari Management","article_modified_time":"2025-03-04T19:10:35+00:00","twitter_card":"summary_large_image","twitter_misc":{"Dur\u00e9e de lecture estim\u00e9e":"1 minute"},"schema":{"@context":"https:\/\/schema.org","@graph":[{"@type":"WebPage","@id":"https:\/\/farleydw.com\/kanari\/contact\/","url":"https:\/\/farleydw.com\/kanari\/contact\/","name":"VOUS SOUHAITEZ EN SAVOIR PLUS ? - Kanari Management","isPartOf":{"@id":"https:\/\/farleydw.com\/kanari\/#website"},"datePublished":"2024-12-19T16:48:49+00:00","dateModified":"2025-03-04T19:10:35+00:00","breadcrumb":{"@id":"https:\/\/farleydw.com\/kanari\/contact\/#breadcrumb"},"inLanguage":"fr-FR","potentialAction":[{"@type":"ReadAction","target":["https:\/\/farleydw.com\/kanari\/contact\/"]}]},{"@type":"BreadcrumbList","@id":"https:\/\/farleydw.com\/kanari\/contact\/#breadcrumb","itemListElement":[{"@type":"ListItem","position":1,"name":"Accueil","item":"https:\/\/farleydw.com\/kanari\/"},{"@type":"ListItem","position":2,"name":"VOUS SOUHAITEZ EN SAVOIR PLUS ?"}]},{"@type":"WebSite","@id":"https:\/\/farleydw.com\/kanari\/#website","url":"https:\/\/farleydw.com\/kanari\/","name":"Kanari Management","description":"","publisher":{"@id":"https:\/\/farleydw.com\/kanari\/#organization"},"potentialAction":[{"@type":"SearchAction","target":{"@type":"EntryPoint","urlTemplate":"https:\/\/farleydw.com\/kanari\/?s={search_term_string}"},"query-input":{"@type":"PropertyValueSpecification","valueRequired":true,"valueName":"search_term_string"}}],"inLanguage":"fr-FR"},{"@type":"Organization","@id":"https:\/\/farleydw.com\/kanari\/#organization","name":"Kanari Management","url":"https:\/\/farleydw.com\/kanari\/","logo":{"@type":"ImageObject","inLanguage":"fr-FR","@id":"https:\/\/farleydw.com\/kanari\/#\/schema\/logo\/image\/","url":"https:\/\/farleydw.com\/kanari\/wp-content\/uploads\/2025\/01\/logotriangle.svg","contentUrl":"https:\/\/farleydw.com\/kanari\/wp-content\/uploads\/2025\/01\/logotriangle.svg","width":191,"height":320,"caption":"Kanari Management"},"image":{"@id":"https:\/\/farleydw.com\/kanari\/#\/schema\/logo\/image\/"}}]}},"_links":{"self":[{"href":"https:\/\/farleydw.com\/kanari\/wp-json\/wp\/v2\/pages\/68","targetHints":{"allow":["GET"]}}],"collection":[{"href":"https:\/\/farleydw.com\/kanari\/wp-json\/wp\/v2\/pages"}],"about":[{"href":"https:\/\/farleydw.com\/kanari\/wp-json\/wp\/v2\/types\/page"}],"author":[{"embeddable":true,"href":"https:\/\/farleydw.com\/kanari\/wp-json\/wp\/v2\/users\/1"}],"replies":[{"embeddable":true,"href":"https:\/\/farleydw.com\/kanari\/wp-json\/wp\/v2\/comments?post=68"}],"version-history":[{"count":21,"href":"https:\/\/farleydw.com\/kanari\/wp-json\/wp\/v2\/pages\/68\/revisions"}],"predecessor-version":[{"id":688,"href":"https:\/\/farleydw.com\/kanari\/wp-json\/wp\/v2\/pages\/68\/revisions\/688"}],"wp:attachment":[{"href":"https:\/\/farleydw.com\/kanari\/wp-json\/wp\/v2\/media?parent=68"}],"wp:term":[{"taxonomy":"folder","embeddable":true,"href":"https:\/\/farleydw.com\/kanari\/wp-json\/wp\/v2\/folder?post=68"}],"curies":[{"name":"wp","href":"https:\/\/api.w.org\/{rel}","templated":true}]}}